{"id":2009,"date":"2022-11-08T09:28:40","date_gmt":"2022-11-08T09:28:40","guid":{"rendered":"https:\/\/www.schmuckstuck.eu\/product\/makeup-sponge-with-collagen\/"},"modified":"2024-11-12T10:35:44","modified_gmt":"2024-11-12T10:35:44","slug":"esponja-de-maquillaje-con-colageno","status":"publish","type":"product","link":"https:\/\/www.schmuckstuck.eu\/es\/product\/esponja-de-maquillaje-con-colageno\/","title":{"rendered":"Esponja de Maquillaje con Col\u00e1geno"},"content":{"rendered":"","protected":false},"excerpt":{"rendered":"<p>Nuestra esponja de maquillaje con polvo de col\u00e1geno tiene forma de gota de agua. Para difuminar el maquillaje, utilice el lado ancho y para una aplicaci\u00f3n m\u00e1s precisa, utilice la punta. Polvo, crema o l\u00edquido, esta esponja proporciona un acabado de aer\u00f3grafo impecable con un desperdicio m\u00ednimo de producto. Vegana.<\/p>\n<p>&nbsp;<\/p>\n<p><a href=\"https:\/\/www.schmuckstuck.eu\/wp-content\/uploads\/2022\/11\/U0M101200-Collagenc.png\"><img decoding=\"async\" class=\"alignnone size-full wp-image-5324\" src=\"https:\/\/www.schmuckstuck.eu\/wp-content\/uploads\/2022\/11\/U0M101200-Collagenc.png\" alt=\"\" width=\"596\" height=\"142\" srcset=\"https:\/\/www.schmuckstuck.eu\/wp-content\/uploads\/2022\/11\/U0M101200-Collagenc.png 596w, https:\/\/www.schmuckstuck.eu\/wp-content\/uploads\/2022\/11\/U0M101200-Collagenc-300x71.png 300w, https:\/\/www.schmuckstuck.eu\/wp-content\/uploads\/2022\/11\/U0M101200-Collagenc-260x62.png 260w, https:\/\/www.schmuckstuck.eu\/wp-content\/uploads\/2022\/11\/U0M101200-Collagenc-50x12.png 50w, https:\/\/www.schmuckstuck.eu\/wp-content\/uploads\/2022\/11\/U0M101200-Collagenc-150x36.png 150w\" sizes=\"(max-width: 596px) 100vw, 596px\" \/><\/a><\/p>\n<p>&nbsp;<\/p>\n","protected":false},"featured_media":1620,"comment_status":"open","ping_status":"closed","template":"","meta":{"_acf_changed":false,"_monsterinsights_skip_tracking":false,"_monsterinsights_sitenote_active":false,"_monsterinsights_sitenote_note":"","_monsterinsights_sitenote_category":0},"product_brand":[],"product_cat":[219,215,220,211,217,218,214],"product_tag":[],"class_list":{"0":"post-2009","1":"product","2":"type-product","3":"status-publish","4":"has-post-thumbnail","6":"product_cat-esponja-con-colageno","7":"product_cat-esponjas-aromaticas-por-tipo","8":"product_cat-esponjas-degradadas-por-tipo","9":"product_cat-onebybeautyka-es","10":"product_cat-por-ingrediente","11":"product_cat-por-tipo","12":"product_cat-todas-las-esponjas-onebybeautyka-es","14":"first","15":"instock","16":"shipping-taxable","17":"product-type-simple"},"acf":[],"aioseo_notices":[],"_links":{"self":[{"href":"https:\/\/www.schmuckstuck.eu\/es\/wp-json\/wp\/v2\/product\/2009","targetHints":{"allow":["GET"]}}],"collection":[{"href":"https:\/\/www.schmuckstuck.eu\/es\/wp-json\/wp\/v2\/product"}],"about":[{"href":"https:\/\/www.schmuckstuck.eu\/es\/wp-json\/wp\/v2\/types\/product"}],"replies":[{"embeddable":true,"href":"https:\/\/www.schmuckstuck.eu\/es\/wp-json\/wp\/v2\/comments?post=2009"}],"wp:featuredmedia":[{"embeddable":true,"href":"https:\/\/www.schmuckstuck.eu\/es\/wp-json\/wp\/v2\/media\/1620"}],"wp:attachment":[{"href":"https:\/\/www.schmuckstuck.eu\/es\/wp-json\/wp\/v2\/media?parent=2009"}],"wp:term":[{"taxonomy":"product_brand","embeddable":true,"href":"https:\/\/www.schmuckstuck.eu\/es\/wp-json\/wp\/v2\/product_brand?post=2009"},{"taxonomy":"product_cat","embeddable":true,"href":"https:\/\/www.schmuckstuck.eu\/es\/wp-json\/wp\/v2\/product_cat?post=2009"},{"taxonomy":"product_tag","embeddable":true,"href":"https:\/\/www.schmuckstuck.eu\/es\/wp-json\/wp\/v2\/product_tag?post=2009"}],"curies":[{"name":"wp","href":"https:\/\/api.w.org\/{rel}","templated":true}]}}