{"id":2021,"date":"2022-11-12T14:58:17","date_gmt":"2022-11-12T14:58:17","guid":{"rendered":"https:\/\/www.schmuckstuck.eu\/product\/makeup-sponge-with-lemon\/"},"modified":"2024-11-12T10:40:42","modified_gmt":"2024-11-12T10:40:42","slug":"esponja-de-maquillaje-con-limon","status":"publish","type":"product","link":"https:\/\/www.schmuckstuck.eu\/es\/product\/esponja-de-maquillaje-con-limon\/","title":{"rendered":"Esponja de Maquillaje con Lim\u00f3n"},"content":{"rendered":"","protected":false},"excerpt":{"rendered":"<p>Nuestra esponja de maquillaje con polvo de lim\u00f3n tiene forma de l\u00e1grima. Utilice el lado biselado para una aplicaci\u00f3n precisa y el borde redondeado para difuminar el maquillaje. Polvo, crema o l\u00edquido, esta esponja proporciona un acabado de aer\u00f3grafo impecable con un desperdicio m\u00ednimo de producto. Vegana.<\/p>\n<p>&nbsp;<\/p>\n<p><a href=\"https:\/\/www.schmuckstuck.eu\/wp-content\/uploads\/2022\/11\/U0M102000-lemon-.png\"><img decoding=\"async\" class=\"alignnone size-full wp-image-5326\" src=\"https:\/\/www.schmuckstuck.eu\/wp-content\/uploads\/2022\/11\/U0M102000-lemon-.png\" alt=\"\" width=\"596\" height=\"142\" srcset=\"https:\/\/www.schmuckstuck.eu\/wp-content\/uploads\/2022\/11\/U0M102000-lemon-.png 596w, https:\/\/www.schmuckstuck.eu\/wp-content\/uploads\/2022\/11\/U0M102000-lemon--300x71.png 300w, https:\/\/www.schmuckstuck.eu\/wp-content\/uploads\/2022\/11\/U0M102000-lemon--260x62.png 260w, https:\/\/www.schmuckstuck.eu\/wp-content\/uploads\/2022\/11\/U0M102000-lemon--50x12.png 50w, https:\/\/www.schmuckstuck.eu\/wp-content\/uploads\/2022\/11\/U0M102000-lemon--150x36.png 150w\" sizes=\"(max-width: 596px) 100vw, 596px\" \/><\/a><\/p>\n","protected":false},"featured_media":1700,"comment_status":"open","ping_status":"closed","template":"","meta":{"_acf_changed":false,"_monsterinsights_skip_tracking":false,"_monsterinsights_sitenote_active":false,"_monsterinsights_sitenote_note":"","_monsterinsights_sitenote_category":0},"product_brand":[],"product_cat":[309,215,220,211,217,218,214],"product_tag":[913],"class_list":{"0":"post-2021","1":"product","2":"type-product","3":"status-publish","4":"has-post-thumbnail","6":"product_cat-esponja-con-limon","7":"product_cat-esponjas-aromaticas-por-tipo","8":"product_cat-esponjas-degradadas-por-tipo","9":"product_cat-onebybeautyka-es","10":"product_cat-por-ingrediente","11":"product_cat-por-tipo","12":"product_cat-todas-las-esponjas-onebybeautyka-es","13":"product_tag-natural-es","15":"first","16":"instock","17":"shipping-taxable","18":"product-type-simple"},"acf":[],"aioseo_notices":[],"_links":{"self":[{"href":"https:\/\/www.schmuckstuck.eu\/es\/wp-json\/wp\/v2\/product\/2021","targetHints":{"allow":["GET"]}}],"collection":[{"href":"https:\/\/www.schmuckstuck.eu\/es\/wp-json\/wp\/v2\/product"}],"about":[{"href":"https:\/\/www.schmuckstuck.eu\/es\/wp-json\/wp\/v2\/types\/product"}],"replies":[{"embeddable":true,"href":"https:\/\/www.schmuckstuck.eu\/es\/wp-json\/wp\/v2\/comments?post=2021"}],"wp:featuredmedia":[{"embeddable":true,"href":"https:\/\/www.schmuckstuck.eu\/es\/wp-json\/wp\/v2\/media\/1700"}],"wp:attachment":[{"href":"https:\/\/www.schmuckstuck.eu\/es\/wp-json\/wp\/v2\/media?parent=2021"}],"wp:term":[{"taxonomy":"product_brand","embeddable":true,"href":"https:\/\/www.schmuckstuck.eu\/es\/wp-json\/wp\/v2\/product_brand?post=2021"},{"taxonomy":"product_cat","embeddable":true,"href":"https:\/\/www.schmuckstuck.eu\/es\/wp-json\/wp\/v2\/product_cat?post=2021"},{"taxonomy":"product_tag","embeddable":true,"href":"https:\/\/www.schmuckstuck.eu\/es\/wp-json\/wp\/v2\/product_tag?post=2021"}],"curies":[{"name":"wp","href":"https:\/\/api.w.org\/{rel}","templated":true}]}}