{"id":2025,"date":"2022-11-12T15:02:47","date_gmt":"2022-11-12T15:02:47","guid":{"rendered":"https:\/\/www.schmuckstuck.eu\/product\/makeup-sponge-with-pomegranate\/"},"modified":"2024-11-12T09:24:56","modified_gmt":"2024-11-12T09:24:56","slug":"esponja-de-maquillaje-con-granada","status":"publish","type":"product","link":"https:\/\/www.schmuckstuck.eu\/es\/product\/esponja-de-maquillaje-con-granada\/","title":{"rendered":"Esponja de Maquillaje con Granada"},"content":{"rendered":"","protected":false},"excerpt":{"rendered":"<p>Nuestra esponja de maquillaje con polvo de granada tiene forma de gota de agua. Para difuminar el maquillaje, utilice el lado ancho y para una aplicaci\u00f3n m\u00e1s precisa, utilice la punta. Polvo, crema o l\u00edquido, esta esponja proporciona un acabado de aer\u00f3grafo impecable con un desperdicio m\u00ednimo de producto. Vegano.<\/p>\n<p><a href=\"https:\/\/www.schmuckstuck.eu\/wp-content\/uploads\/2022\/11\/U0M102200-pomegranate.png\"><img decoding=\"async\" class=\"alignnone size-medium wp-image-5310\" src=\"https:\/\/www.schmuckstuck.eu\/wp-content\/uploads\/2022\/11\/U0M102200-pomegranate-300x71.png\" alt=\"\" width=\"300\" height=\"71\" srcset=\"https:\/\/www.schmuckstuck.eu\/wp-content\/uploads\/2022\/11\/U0M102200-pomegranate-300x71.png 300w, https:\/\/www.schmuckstuck.eu\/wp-content\/uploads\/2022\/11\/U0M102200-pomegranate-260x62.png 260w, https:\/\/www.schmuckstuck.eu\/wp-content\/uploads\/2022\/11\/U0M102200-pomegranate-50x12.png 50w, https:\/\/www.schmuckstuck.eu\/wp-content\/uploads\/2022\/11\/U0M102200-pomegranate-150x36.png 150w, https:\/\/www.schmuckstuck.eu\/wp-content\/uploads\/2022\/11\/U0M102200-pomegranate.png 596w\" sizes=\"(max-width: 300px) 100vw, 300px\" \/><\/a><\/p>\n","protected":false},"featured_media":1707,"comment_status":"open","ping_status":"closed","template":"","meta":{"_acf_changed":false,"_monsterinsights_skip_tracking":false,"_monsterinsights_sitenote_active":false,"_monsterinsights_sitenote_note":"","_monsterinsights_sitenote_category":0},"product_brand":[],"product_cat":[310,215,220,211,217,218,214],"product_tag":[913],"class_list":{"0":"post-2025","1":"product","2":"type-product","3":"status-publish","4":"has-post-thumbnail","6":"product_cat-esponja-con-granada","7":"product_cat-esponjas-aromaticas-por-tipo","8":"product_cat-esponjas-degradadas-por-tipo","9":"product_cat-onebybeautyka-es","10":"product_cat-por-ingrediente","11":"product_cat-por-tipo","12":"product_cat-todas-las-esponjas-onebybeautyka-es","13":"product_tag-natural-es","15":"first","16":"instock","17":"shipping-taxable","18":"product-type-simple"},"acf":[],"aioseo_notices":[],"_links":{"self":[{"href":"https:\/\/www.schmuckstuck.eu\/es\/wp-json\/wp\/v2\/product\/2025","targetHints":{"allow":["GET"]}}],"collection":[{"href":"https:\/\/www.schmuckstuck.eu\/es\/wp-json\/wp\/v2\/product"}],"about":[{"href":"https:\/\/www.schmuckstuck.eu\/es\/wp-json\/wp\/v2\/types\/product"}],"replies":[{"embeddable":true,"href":"https:\/\/www.schmuckstuck.eu\/es\/wp-json\/wp\/v2\/comments?post=2025"}],"wp:featuredmedia":[{"embeddable":true,"href":"https:\/\/www.schmuckstuck.eu\/es\/wp-json\/wp\/v2\/media\/1707"}],"wp:attachment":[{"href":"https:\/\/www.schmuckstuck.eu\/es\/wp-json\/wp\/v2\/media?parent=2025"}],"wp:term":[{"taxonomy":"product_brand","embeddable":true,"href":"https:\/\/www.schmuckstuck.eu\/es\/wp-json\/wp\/v2\/product_brand?post=2025"},{"taxonomy":"product_cat","embeddable":true,"href":"https:\/\/www.schmuckstuck.eu\/es\/wp-json\/wp\/v2\/product_cat?post=2025"},{"taxonomy":"product_tag","embeddable":true,"href":"https:\/\/www.schmuckstuck.eu\/es\/wp-json\/wp\/v2\/product_tag?post=2025"}],"curies":[{"name":"wp","href":"https:\/\/api.w.org\/{rel}","templated":true}]}}