{"id":2031,"date":"2022-11-12T16:18:52","date_gmt":"2022-11-12T16:18:52","guid":{"rendered":"https:\/\/www.schmuckstuck.eu\/product\/cosmetic-bag\/"},"modified":"2022-12-07T12:23:13","modified_gmt":"2022-12-07T12:23:13","slug":"neceser-de-cosmeticos","status":"publish","type":"product","link":"https:\/\/www.schmuckstuck.eu\/es\/product\/neceser-de-cosmeticos\/","title":{"rendered":"Neceser de cosm\u00e9ticos"},"content":{"rendered":"","protected":false},"excerpt":{"rendered":"<p>Neceser de cosm\u00e9ticos. Perfecto para guarde sus accesorios y cosm\u00e9ticos favoritos de forma segura en su bolso. Tiene una ventana de PVC transparente que permite ver inmediatamente el contenido. Se acabaron las b\u00fasquedas.<\/p>\n","protected":false},"featured_media":1718,"comment_status":"open","ping_status":"closed","template":"","meta":{"_acf_changed":false,"_monsterinsights_skip_tracking":false,"_monsterinsights_sitenote_active":false,"_monsterinsights_sitenote_note":"","_monsterinsights_sitenote_category":0},"product_brand":[],"product_cat":[237,236,232],"product_tag":[820,822],"class_list":{"0":"post-2031","1":"product","2":"type-product","3":"status-publish","4":"has-post-thumbnail","6":"product_cat-cuidado-de-la-piel-skinya-es","7":"product_cat-cuidado-facial","8":"product_cat-skinya-es","9":"product_tag-accessories-es","10":"product_tag-beauty-es","12":"first","13":"instock","14":"shipping-taxable","15":"product-type-simple"},"acf":[],"aioseo_notices":[],"_links":{"self":[{"href":"https:\/\/www.schmuckstuck.eu\/es\/wp-json\/wp\/v2\/product\/2031","targetHints":{"allow":["GET"]}}],"collection":[{"href":"https:\/\/www.schmuckstuck.eu\/es\/wp-json\/wp\/v2\/product"}],"about":[{"href":"https:\/\/www.schmuckstuck.eu\/es\/wp-json\/wp\/v2\/types\/product"}],"replies":[{"embeddable":true,"href":"https:\/\/www.schmuckstuck.eu\/es\/wp-json\/wp\/v2\/comments?post=2031"}],"wp:featuredmedia":[{"embeddable":true,"href":"https:\/\/www.schmuckstuck.eu\/es\/wp-json\/wp\/v2\/media\/1718"}],"wp:attachment":[{"href":"https:\/\/www.schmuckstuck.eu\/es\/wp-json\/wp\/v2\/media?parent=2031"}],"wp:term":[{"taxonomy":"product_brand","embeddable":true,"href":"https:\/\/www.schmuckstuck.eu\/es\/wp-json\/wp\/v2\/product_brand?post=2031"},{"taxonomy":"product_cat","embeddable":true,"href":"https:\/\/www.schmuckstuck.eu\/es\/wp-json\/wp\/v2\/product_cat?post=2031"},{"taxonomy":"product_tag","embeddable":true,"href":"https:\/\/www.schmuckstuck.eu\/es\/wp-json\/wp\/v2\/product_tag?post=2031"}],"curies":[{"name":"wp","href":"https:\/\/api.w.org\/{rel}","templated":true}]}}