{"id":2035,"date":"2022-11-12T15:12:50","date_gmt":"2022-11-12T15:12:50","guid":{"rendered":"https:\/\/www.schmuckstuck.eu\/product\/turban-quick-dry-pardus\/"},"modified":"2023-07-11T14:08:34","modified_gmt":"2023-07-11T14:08:34","slug":"turbante-secado-rapido-pardus","status":"publish","type":"product","link":"https:\/\/www.schmuckstuck.eu\/es\/product\/turbante-secado-rapido-pardus\/","title":{"rendered":"Turbante Secado Rapido &#8211; Pardus"},"content":{"rendered":"","protected":false},"excerpt":{"rendered":"<p>Turbante de microfibra \u00abSecado rapido\u00bb s\u00faper absorbente y suave. Sus 2 texturas hacen que sea muy absorbente y que se seque el pelo r\u00e1pidamente en una fracci\u00f3n de tiempo. Se adapta a todo tipo de cabellos y es f\u00e1cil de envolver, proporcionando comodidad durante las rutinas posteriores a la ducha. El embalaje funciona como una bolsa de viaje reutilizable, impermeable.<\/p>\n","protected":false},"featured_media":1712,"comment_status":"open","ping_status":"closed","template":"","meta":{"_acf_changed":false,"_monsterinsights_skip_tracking":false,"_monsterinsights_sitenote_active":false,"_monsterinsights_sitenote_note":"","_monsterinsights_sitenote_category":0},"product_brand":[],"product_cat":[231,230,232,235],"product_tag":[],"class_list":{"0":"post-2035","1":"product","2":"type-product","3":"status-publish","4":"has-post-thumbnail","6":"product_cat-bano-bano-y-cuerpo","7":"product_cat-bano-y-cuerpo","8":"product_cat-skinya-es","9":"product_cat-toallas-y-turbantes-spa","11":"first","12":"instock","13":"featured","14":"shipping-taxable","15":"product-type-simple"},"acf":[],"aioseo_notices":[],"_links":{"self":[{"href":"https:\/\/www.schmuckstuck.eu\/es\/wp-json\/wp\/v2\/product\/2035","targetHints":{"allow":["GET"]}}],"collection":[{"href":"https:\/\/www.schmuckstuck.eu\/es\/wp-json\/wp\/v2\/product"}],"about":[{"href":"https:\/\/www.schmuckstuck.eu\/es\/wp-json\/wp\/v2\/types\/product"}],"replies":[{"embeddable":true,"href":"https:\/\/www.schmuckstuck.eu\/es\/wp-json\/wp\/v2\/comments?post=2035"}],"wp:featuredmedia":[{"embeddable":true,"href":"https:\/\/www.schmuckstuck.eu\/es\/wp-json\/wp\/v2\/media\/1712"}],"wp:attachment":[{"href":"https:\/\/www.schmuckstuck.eu\/es\/wp-json\/wp\/v2\/media?parent=2035"}],"wp:term":[{"taxonomy":"product_brand","embeddable":true,"href":"https:\/\/www.schmuckstuck.eu\/es\/wp-json\/wp\/v2\/product_brand?post=2035"},{"taxonomy":"product_cat","embeddable":true,"href":"https:\/\/www.schmuckstuck.eu\/es\/wp-json\/wp\/v2\/product_cat?post=2035"},{"taxonomy":"product_tag","embeddable":true,"href":"https:\/\/www.schmuckstuck.eu\/es\/wp-json\/wp\/v2\/product_tag?post=2035"}],"curies":[{"name":"wp","href":"https:\/\/api.w.org\/{rel}","templated":true}]}}