{"id":2037,"date":"2022-11-12T16:46:41","date_gmt":"2022-11-12T16:46:41","guid":{"rendered":"https:\/\/www.schmuckstuck.eu\/product\/eyebrows-trimmer\/"},"modified":"2022-12-07T12:33:17","modified_gmt":"2022-12-07T12:33:17","slug":"perfilador-de-cejas","status":"publish","type":"product","link":"https:\/\/www.schmuckstuck.eu\/es\/product\/perfilador-de-cejas\/","title":{"rendered":"Perfilador de Cejas"},"content":{"rendered":"","protected":false},"excerpt":{"rendered":"<p>Elimina el exceso de vello, define y da forma a las cejas de forma f\u00e1cil y sencilla. Corte limpio y seguro, sin riesgo de da\u00f1ar la piel. Gracias a su forma ergon\u00f3mica y ligera se consigue un control firme. Equipado con una tapa para proteger la cuchilla, f\u00e1cil de limpiar. <\/p>\n","protected":false},"featured_media":1741,"comment_status":"open","ping_status":"closed","template":"","meta":{"_acf_changed":false,"_monsterinsights_skip_tracking":false,"_monsterinsights_sitenote_active":false,"_monsterinsights_sitenote_note":"","_monsterinsights_sitenote_category":0},"product_brand":[],"product_cat":[237,236,238,232],"product_tag":[820,822,821,811],"class_list":{"0":"post-2037","1":"product","2":"type-product","3":"status-publish","4":"has-post-thumbnail","6":"product_cat-cuidado-de-la-piel-skinya-es","7":"product_cat-cuidado-facial","8":"product_cat-pinzas-de-depilar-y-cejas-cuidado-facial","9":"product_cat-skinya-es","10":"product_tag-accessories-es","11":"product_tag-beauty-es","12":"product_tag-glow-es","13":"product_tag-spa-es","15":"first","16":"instock","17":"featured","18":"shipping-taxable","19":"product-type-simple"},"acf":[],"aioseo_notices":[],"_links":{"self":[{"href":"https:\/\/www.schmuckstuck.eu\/es\/wp-json\/wp\/v2\/product\/2037","targetHints":{"allow":["GET"]}}],"collection":[{"href":"https:\/\/www.schmuckstuck.eu\/es\/wp-json\/wp\/v2\/product"}],"about":[{"href":"https:\/\/www.schmuckstuck.eu\/es\/wp-json\/wp\/v2\/types\/product"}],"replies":[{"embeddable":true,"href":"https:\/\/www.schmuckstuck.eu\/es\/wp-json\/wp\/v2\/comments?post=2037"}],"wp:featuredmedia":[{"embeddable":true,"href":"https:\/\/www.schmuckstuck.eu\/es\/wp-json\/wp\/v2\/media\/1741"}],"wp:attachment":[{"href":"https:\/\/www.schmuckstuck.eu\/es\/wp-json\/wp\/v2\/media?parent=2037"}],"wp:term":[{"taxonomy":"product_brand","embeddable":true,"href":"https:\/\/www.schmuckstuck.eu\/es\/wp-json\/wp\/v2\/product_brand?post=2037"},{"taxonomy":"product_cat","embeddable":true,"href":"https:\/\/www.schmuckstuck.eu\/es\/wp-json\/wp\/v2\/product_cat?post=2037"},{"taxonomy":"product_tag","embeddable":true,"href":"https:\/\/www.schmuckstuck.eu\/es\/wp-json\/wp\/v2\/product_tag?post=2037"}],"curies":[{"name":"wp","href":"https:\/\/api.w.org\/{rel}","templated":true}]}}