{"id":2044,"date":"2022-11-12T16:44:07","date_gmt":"2022-11-12T16:44:07","guid":{"rendered":"https:\/\/www.schmuckstuck.eu\/product\/spatula-exfoliator-fantasy\/"},"modified":"2023-08-10T12:00:24","modified_gmt":"2023-08-10T12:00:24","slug":"espatula-y-exfoliante-fantasy","status":"publish","type":"product","link":"https:\/\/www.schmuckstuck.eu\/es\/product\/espatula-y-exfoliante-fantasy\/","title":{"rendered":"Esp\u00e1tula y Exfoliante \u00abFantasy\u00bb"},"content":{"rendered":"","protected":false},"excerpt":{"rendered":"<p>Nuestra esp\u00e1tula y exfoliante Fantasy es una herramienta de silicona multifuncional. Tiene varios cabezales intercambiables con diferentes funcionalidades . Uno de los cabezales es una esp\u00e1tula para aplicar m\u00e1scaras faciales o similares, el otro cabezal est\u00e1 equipado con peque\u00f1as cerdas de silicona para exfoliar y limpiar. Ideal para su rutina de cuidado facial.<\/p>\n","protected":false},"featured_media":1738,"comment_status":"open","ping_status":"closed","template":"","meta":{"_acf_changed":false,"_monsterinsights_skip_tracking":false,"_monsterinsights_sitenote_active":false,"_monsterinsights_sitenote_note":"","_monsterinsights_sitenote_category":0},"product_brand":[],"product_cat":[237,236,240,232],"product_tag":[],"class_list":{"0":"post-2044","1":"product","2":"type-product","3":"status-publish","4":"has-post-thumbnail","6":"product_cat-cuidado-de-la-piel-skinya-es","7":"product_cat-cuidado-facial","8":"product_cat-espatulas-y-masajeadores-cuidado-facial","9":"product_cat-skinya-es","11":"first","12":"instock","13":"featured","14":"shipping-taxable","15":"product-type-simple"},"acf":[],"aioseo_notices":[],"_links":{"self":[{"href":"https:\/\/www.schmuckstuck.eu\/es\/wp-json\/wp\/v2\/product\/2044","targetHints":{"allow":["GET"]}}],"collection":[{"href":"https:\/\/www.schmuckstuck.eu\/es\/wp-json\/wp\/v2\/product"}],"about":[{"href":"https:\/\/www.schmuckstuck.eu\/es\/wp-json\/wp\/v2\/types\/product"}],"replies":[{"embeddable":true,"href":"https:\/\/www.schmuckstuck.eu\/es\/wp-json\/wp\/v2\/comments?post=2044"}],"wp:featuredmedia":[{"embeddable":true,"href":"https:\/\/www.schmuckstuck.eu\/es\/wp-json\/wp\/v2\/media\/1738"}],"wp:attachment":[{"href":"https:\/\/www.schmuckstuck.eu\/es\/wp-json\/wp\/v2\/media?parent=2044"}],"wp:term":[{"taxonomy":"product_brand","embeddable":true,"href":"https:\/\/www.schmuckstuck.eu\/es\/wp-json\/wp\/v2\/product_brand?post=2044"},{"taxonomy":"product_cat","embeddable":true,"href":"https:\/\/www.schmuckstuck.eu\/es\/wp-json\/wp\/v2\/product_cat?post=2044"},{"taxonomy":"product_tag","embeddable":true,"href":"https:\/\/www.schmuckstuck.eu\/es\/wp-json\/wp\/v2\/product_tag?post=2044"}],"curies":[{"name":"wp","href":"https:\/\/api.w.org\/{rel}","templated":true}]}}