{"id":2048,"date":"2022-11-12T16:24:08","date_gmt":"2022-11-12T16:24:08","guid":{"rendered":"https:\/\/www.schmuckstuck.eu\/product\/facial-brush-2-in-1\/"},"modified":"2023-08-10T11:39:50","modified_gmt":"2023-08-10T11:39:50","slug":"brocha-facial-2-en-1","status":"publish","type":"product","link":"https:\/\/www.schmuckstuck.eu\/es\/product\/brocha-facial-2-en-1\/","title":{"rendered":"Brocha Facial 2 en 1"},"content":{"rendered":"","protected":false},"excerpt":{"rendered":"<p>El Cepillo Facial \u00ab2 en 1\u00bb es ideal para la limpieza facial profunda y un \u00abMust-Have\u00bb para la rutina diaria de cuidado de la piel. Exfolia y limpia la piel, eliminando la suciedad, la piel muerta, los restos de maquillaje y los puntos negros. Las peque\u00f1as cerdas de silicona proporcionan una limpieza m\u00e1s profunda de forma suave y delicada, sin irritar la piel. El otro lado es de fibra sint\u00e9tica, ideal para hacer espuma y una limpieza facial extra suave.<\/p>\n","protected":false},"featured_media":1722,"comment_status":"open","ping_status":"closed","template":"","meta":{"_acf_changed":false,"_monsterinsights_skip_tracking":false,"_monsterinsights_sitenote_active":false,"_monsterinsights_sitenote_note":"","_monsterinsights_sitenote_category":0},"product_brand":[],"product_cat":[241,237,236,232],"product_tag":[820,822,819,788,821,790,811],"class_list":{"0":"post-2048","1":"product","2":"type-product","3":"status-publish","4":"has-post-thumbnail","6":"product_cat-cepillos-de-limpieza-facial","7":"product_cat-cuidado-de-la-piel-skinya-es","8":"product_cat-cuidado-facial","9":"product_cat-skinya-es","10":"product_tag-accessories-es","11":"product_tag-beauty-es","12":"product_tag-care-es","13":"product_tag-facial-es","14":"product_tag-glow-es","15":"product_tag-peeling-es","16":"product_tag-spa-es","18":"first","19":"instock","20":"featured","21":"shipping-taxable","22":"product-type-simple"},"acf":[],"aioseo_notices":[],"_links":{"self":[{"href":"https:\/\/www.schmuckstuck.eu\/es\/wp-json\/wp\/v2\/product\/2048","targetHints":{"allow":["GET"]}}],"collection":[{"href":"https:\/\/www.schmuckstuck.eu\/es\/wp-json\/wp\/v2\/product"}],"about":[{"href":"https:\/\/www.schmuckstuck.eu\/es\/wp-json\/wp\/v2\/types\/product"}],"replies":[{"embeddable":true,"href":"https:\/\/www.schmuckstuck.eu\/es\/wp-json\/wp\/v2\/comments?post=2048"}],"wp:featuredmedia":[{"embeddable":true,"href":"https:\/\/www.schmuckstuck.eu\/es\/wp-json\/wp\/v2\/media\/1722"}],"wp:attachment":[{"href":"https:\/\/www.schmuckstuck.eu\/es\/wp-json\/wp\/v2\/media?parent=2048"}],"wp:term":[{"taxonomy":"product_brand","embeddable":true,"href":"https:\/\/www.schmuckstuck.eu\/es\/wp-json\/wp\/v2\/product_brand?post=2048"},{"taxonomy":"product_cat","embeddable":true,"href":"https:\/\/www.schmuckstuck.eu\/es\/wp-json\/wp\/v2\/product_cat?post=2048"},{"taxonomy":"product_tag","embeddable":true,"href":"https:\/\/www.schmuckstuck.eu\/es\/wp-json\/wp\/v2\/product_tag?post=2048"}],"curies":[{"name":"wp","href":"https:\/\/api.w.org\/{rel}","templated":true}]}}