{"id":2067,"date":"2022-12-05T18:56:40","date_gmt":"2022-12-05T18:56:40","guid":{"rendered":"https:\/\/www.schmuckstuck.eu\/product\/skinny-hair-scrunchies\/"},"modified":"2024-11-07T12:08:15","modified_gmt":"2024-11-07T12:08:15","slug":"gomas-de-pelo","status":"publish","type":"product","link":"https:\/\/www.schmuckstuck.eu\/es\/product\/gomas-de-pelo\/","title":{"rendered":"Gomas de Pelo"},"content":{"rendered":"","protected":false},"excerpt":{"rendered":"<p>Los coleteros de raso tienen un aspecto bonito y son suaves con el cabello. Dise\u00f1ados para no dejar marcas, se deslizan sobre el cabello evitando roturas y tirones, y ofrecen una fijaci\u00f3n s\u00faper fuerte sin causar da\u00f1os, puntas abiertas o marcas antiest\u00e9ticas.<\/p>\n","protected":false},"featured_media":5268,"comment_status":"open","ping_status":"closed","template":"","meta":{"_acf_changed":false,"_monsterinsights_skip_tracking":false,"_monsterinsights_sitenote_active":false,"_monsterinsights_sitenote_note":"","_monsterinsights_sitenote_category":0},"product_brand":[],"product_cat":[243,282,209],"product_tag":[820,822,813,811],"class_list":{"0":"post-2067","1":"product","2":"type-product","3":"status-publish","4":"has-post-thumbnail","6":"product_cat-cabello","7":"product_cat-coleteros","8":"product_cat-myidbeautyka-es","9":"product_tag-accessories-es","10":"product_tag-beauty-es","11":"product_tag-hair-es","12":"product_tag-spa-es","14":"first","15":"instock","16":"shipping-taxable","17":"product-type-simple"},"acf":[],"aioseo_notices":[],"_links":{"self":[{"href":"https:\/\/www.schmuckstuck.eu\/es\/wp-json\/wp\/v2\/product\/2067","targetHints":{"allow":["GET"]}}],"collection":[{"href":"https:\/\/www.schmuckstuck.eu\/es\/wp-json\/wp\/v2\/product"}],"about":[{"href":"https:\/\/www.schmuckstuck.eu\/es\/wp-json\/wp\/v2\/types\/product"}],"replies":[{"embeddable":true,"href":"https:\/\/www.schmuckstuck.eu\/es\/wp-json\/wp\/v2\/comments?post=2067"}],"wp:featuredmedia":[{"embeddable":true,"href":"https:\/\/www.schmuckstuck.eu\/es\/wp-json\/wp\/v2\/media\/5268"}],"wp:attachment":[{"href":"https:\/\/www.schmuckstuck.eu\/es\/wp-json\/wp\/v2\/media?parent=2067"}],"wp:term":[{"taxonomy":"product_brand","embeddable":true,"href":"https:\/\/www.schmuckstuck.eu\/es\/wp-json\/wp\/v2\/product_brand?post=2067"},{"taxonomy":"product_cat","embeddable":true,"href":"https:\/\/www.schmuckstuck.eu\/es\/wp-json\/wp\/v2\/product_cat?post=2067"},{"taxonomy":"product_tag","embeddable":true,"href":"https:\/\/www.schmuckstuck.eu\/es\/wp-json\/wp\/v2\/product_tag?post=2067"}],"curies":[{"name":"wp","href":"https:\/\/api.w.org\/{rel}","templated":true}]}}