{"id":2070,"date":"2022-12-05T19:07:43","date_gmt":"2022-12-05T19:07:43","guid":{"rendered":"https:\/\/www.schmuckstuck.eu\/product\/markless-hair-clips\/"},"modified":"2025-12-01T07:54:56","modified_gmt":"2025-12-01T07:54:56","slug":"pinzas-para-el-pelo-sin-marcas","status":"publish","type":"product","link":"https:\/\/www.schmuckstuck.eu\/es\/product\/pinzas-para-el-pelo-sin-marcas\/","title":{"rendered":"Pinzas para el Pelo sin Marcas"},"content":{"rendered":"","protected":false},"excerpt":{"rendered":"<p>Las Pinzas para el pelo Markless son la soluci\u00f3n \u00f3ptima para mantener el pelo fuera de la cara despu\u00e9s del peinado. El maquillaje puede aplicarse sin problemas, el cabello permanece sin marcas y tiene un aspecto perfecto.<\/p>\n","protected":false},"featured_media":1848,"comment_status":"open","ping_status":"closed","template":"","meta":{"_acf_changed":false,"_monsterinsights_skip_tracking":false,"_monsterinsights_sitenote_active":false,"_monsterinsights_sitenote_note":"","_monsterinsights_sitenote_category":0},"product_brand":[],"product_cat":[243,277,209],"product_tag":[820,822,813],"class_list":{"0":"post-2070","1":"product","2":"type-product","3":"status-publish","4":"has-post-thumbnail","6":"product_cat-cabello","7":"product_cat-horquillas-y-pasadores-de-cabello","8":"product_cat-myidbeautyka-es","9":"product_tag-accessories-es","10":"product_tag-beauty-es","11":"product_tag-hair-es","13":"first","14":"instock","15":"shipping-taxable","16":"product-type-simple"},"acf":[],"aioseo_notices":[],"_links":{"self":[{"href":"https:\/\/www.schmuckstuck.eu\/es\/wp-json\/wp\/v2\/product\/2070","targetHints":{"allow":["GET"]}}],"collection":[{"href":"https:\/\/www.schmuckstuck.eu\/es\/wp-json\/wp\/v2\/product"}],"about":[{"href":"https:\/\/www.schmuckstuck.eu\/es\/wp-json\/wp\/v2\/types\/product"}],"replies":[{"embeddable":true,"href":"https:\/\/www.schmuckstuck.eu\/es\/wp-json\/wp\/v2\/comments?post=2070"}],"wp:featuredmedia":[{"embeddable":true,"href":"https:\/\/www.schmuckstuck.eu\/es\/wp-json\/wp\/v2\/media\/1848"}],"wp:attachment":[{"href":"https:\/\/www.schmuckstuck.eu\/es\/wp-json\/wp\/v2\/media?parent=2070"}],"wp:term":[{"taxonomy":"product_brand","embeddable":true,"href":"https:\/\/www.schmuckstuck.eu\/es\/wp-json\/wp\/v2\/product_brand?post=2070"},{"taxonomy":"product_cat","embeddable":true,"href":"https:\/\/www.schmuckstuck.eu\/es\/wp-json\/wp\/v2\/product_cat?post=2070"},{"taxonomy":"product_tag","embeddable":true,"href":"https:\/\/www.schmuckstuck.eu\/es\/wp-json\/wp\/v2\/product_tag?post=2070"}],"curies":[{"name":"wp","href":"https:\/\/api.w.org\/{rel}","templated":true}]}}