{"id":2077,"date":"2022-12-05T19:30:27","date_gmt":"2022-12-05T19:30:27","guid":{"rendered":"https:\/\/www.schmuckstuck.eu\/product\/satin-sleep-mask\/"},"modified":"2023-08-04T15:33:05","modified_gmt":"2023-08-04T15:33:05","slug":"antifaz-para-dormir","status":"publish","type":"product","link":"https:\/\/www.schmuckstuck.eu\/es\/product\/antifaz-para-dormir\/","title":{"rendered":"Antifaz para Dormir"},"content":{"rendered":"","protected":false},"excerpt":{"rendered":"<p>El antifaz satinado para dormir es su nueva necesidad nocturna. El lujoso tejido de sat\u00e9n est\u00e1 dise\u00f1ado para cuidar de su alma y ayudarle a dormir c\u00f3modamente, \u00a1mientras luce con estilo!<\/p>\n","protected":false},"featured_media":1858,"comment_status":"open","ping_status":"closed","template":"","meta":{"_acf_changed":false,"_monsterinsights_skip_tracking":false,"_monsterinsights_sitenote_active":false,"_monsterinsights_sitenote_note":"","_monsterinsights_sitenote_category":0},"product_brand":[],"product_cat":[210,209,304,306],"product_tag":[820,815],"class_list":{"0":"post-2077","1":"product","2":"type-product","3":"status-publish","4":"has-post-thumbnail","6":"product_cat-cuidado-de-la-piel","7":"product_cat-myidbeautyka-es","8":"product_cat-relajacion","9":"product_cat-viaje-es","10":"product_tag-accessories-es","11":"product_tag-satin-es","13":"first","14":"instock","15":"shipping-taxable","16":"product-type-simple"},"acf":[],"aioseo_notices":[],"_links":{"self":[{"href":"https:\/\/www.schmuckstuck.eu\/es\/wp-json\/wp\/v2\/product\/2077","targetHints":{"allow":["GET"]}}],"collection":[{"href":"https:\/\/www.schmuckstuck.eu\/es\/wp-json\/wp\/v2\/product"}],"about":[{"href":"https:\/\/www.schmuckstuck.eu\/es\/wp-json\/wp\/v2\/types\/product"}],"replies":[{"embeddable":true,"href":"https:\/\/www.schmuckstuck.eu\/es\/wp-json\/wp\/v2\/comments?post=2077"}],"wp:featuredmedia":[{"embeddable":true,"href":"https:\/\/www.schmuckstuck.eu\/es\/wp-json\/wp\/v2\/media\/1858"}],"wp:attachment":[{"href":"https:\/\/www.schmuckstuck.eu\/es\/wp-json\/wp\/v2\/media?parent=2077"}],"wp:term":[{"taxonomy":"product_brand","embeddable":true,"href":"https:\/\/www.schmuckstuck.eu\/es\/wp-json\/wp\/v2\/product_brand?post=2077"},{"taxonomy":"product_cat","embeddable":true,"href":"https:\/\/www.schmuckstuck.eu\/es\/wp-json\/wp\/v2\/product_cat?post=2077"},{"taxonomy":"product_tag","embeddable":true,"href":"https:\/\/www.schmuckstuck.eu\/es\/wp-json\/wp\/v2\/product_tag?post=2077"}],"curies":[{"name":"wp","href":"https:\/\/api.w.org\/{rel}","templated":true}]}}