{"id":2078,"date":"2022-12-05T19:34:20","date_gmt":"2022-12-05T19:34:20","guid":{"rendered":"https:\/\/www.schmuckstuck.eu\/product\/sport-towel-quick-dry\/"},"modified":"2023-01-16T08:40:44","modified_gmt":"2023-01-16T08:40:44","slug":"toalla-deportiva-de-secado-rapido","status":"publish","type":"product","link":"https:\/\/www.schmuckstuck.eu\/es\/product\/toalla-deportiva-de-secado-rapido\/","title":{"rendered":"Toalla Deportiva de Secado R\u00e1pido"},"content":{"rendered":"","protected":false},"excerpt":{"rendered":"<p>La Toalla Deportiva \u00bb Secado r\u00e1pido \u00bb viene con una pr\u00e1ctica bolsa de silicona para su transporte y almacenamiento. El tejido de fibra absorbe r\u00e1pidamente la humedad, creando una sensaci\u00f3n de frescor. Es ideal para utilizarlo durante las actividades deportivas y para llevarlo de viaje.<\/p>\n","protected":false},"featured_media":1862,"comment_status":"open","ping_status":"closed","template":"","meta":{"_acf_changed":false,"_monsterinsights_skip_tracking":false,"_monsterinsights_sitenote_active":false,"_monsterinsights_sitenote_note":"","_monsterinsights_sitenote_category":0},"product_brand":[],"product_cat":[242,209,263],"product_tag":[],"class_list":{"0":"post-2078","1":"product","2":"type-product","3":"status-publish","4":"has-post-thumbnail","6":"product_cat-bano","7":"product_cat-myidbeautyka-es","8":"product_cat-viaje","10":"first","11":"instock","12":"shipping-taxable","13":"product-type-simple"},"acf":[],"aioseo_notices":[],"_links":{"self":[{"href":"https:\/\/www.schmuckstuck.eu\/es\/wp-json\/wp\/v2\/product\/2078","targetHints":{"allow":["GET"]}}],"collection":[{"href":"https:\/\/www.schmuckstuck.eu\/es\/wp-json\/wp\/v2\/product"}],"about":[{"href":"https:\/\/www.schmuckstuck.eu\/es\/wp-json\/wp\/v2\/types\/product"}],"replies":[{"embeddable":true,"href":"https:\/\/www.schmuckstuck.eu\/es\/wp-json\/wp\/v2\/comments?post=2078"}],"wp:featuredmedia":[{"embeddable":true,"href":"https:\/\/www.schmuckstuck.eu\/es\/wp-json\/wp\/v2\/media\/1862"}],"wp:attachment":[{"href":"https:\/\/www.schmuckstuck.eu\/es\/wp-json\/wp\/v2\/media?parent=2078"}],"wp:term":[{"taxonomy":"product_brand","embeddable":true,"href":"https:\/\/www.schmuckstuck.eu\/es\/wp-json\/wp\/v2\/product_brand?post=2078"},{"taxonomy":"product_cat","embeddable":true,"href":"https:\/\/www.schmuckstuck.eu\/es\/wp-json\/wp\/v2\/product_cat?post=2078"},{"taxonomy":"product_tag","embeddable":true,"href":"https:\/\/www.schmuckstuck.eu\/es\/wp-json\/wp\/v2\/product_tag?post=2078"}],"curies":[{"name":"wp","href":"https:\/\/api.w.org\/{rel}","templated":true}]}}