{"id":2081,"date":"2022-12-05T19:42:03","date_gmt":"2022-12-05T19:42:03","guid":{"rendered":"https:\/\/www.schmuckstuck.eu\/product\/duo-silicon-sponge\/"},"modified":"2023-07-14T07:34:22","modified_gmt":"2023-07-14T07:34:22","slug":"duo-esponja-y-silicona","status":"publish","type":"product","link":"https:\/\/www.schmuckstuck.eu\/es\/product\/duo-esponja-y-silicona\/","title":{"rendered":"Duo Esponja y Silicona"},"content":{"rendered":"","protected":false},"excerpt":{"rendered":"<p>Nuestra Esponja de Maquillaje \u00abDuo\u00bb tiene forma de aceituna con un biselado de silicona en un lado para una aplicaci\u00f3n econ\u00f3mica del maquillaje. En polvo, crema o l\u00edquido, esta esponja proporciona un acabado de aer\u00f3grafo impecable con un m\u00ednimo de desperdicio de producto. Vegana y libre de crueldad.<\/p>\n","protected":false},"featured_media":1868,"comment_status":"open","ping_status":"closed","template":"","meta":{"_acf_changed":false,"_monsterinsights_skip_tracking":false,"_monsterinsights_sitenote_active":false,"_monsterinsights_sitenote_note":"","_monsterinsights_sitenote_category":0},"product_brand":[],"product_cat":[289,246,209],"product_tag":[],"class_list":{"0":"post-2081","1":"product","2":"type-product","3":"status-publish","4":"has-post-thumbnail","6":"product_cat-esponjas-y-aplicadores-de-maquillaje","7":"product_cat-maquillaje","8":"product_cat-myidbeautyka-es","10":"first","11":"instock","12":"featured","13":"shipping-taxable","14":"product-type-simple"},"acf":[],"aioseo_notices":[],"_links":{"self":[{"href":"https:\/\/www.schmuckstuck.eu\/es\/wp-json\/wp\/v2\/product\/2081","targetHints":{"allow":["GET"]}}],"collection":[{"href":"https:\/\/www.schmuckstuck.eu\/es\/wp-json\/wp\/v2\/product"}],"about":[{"href":"https:\/\/www.schmuckstuck.eu\/es\/wp-json\/wp\/v2\/types\/product"}],"replies":[{"embeddable":true,"href":"https:\/\/www.schmuckstuck.eu\/es\/wp-json\/wp\/v2\/comments?post=2081"}],"wp:featuredmedia":[{"embeddable":true,"href":"https:\/\/www.schmuckstuck.eu\/es\/wp-json\/wp\/v2\/media\/1868"}],"wp:attachment":[{"href":"https:\/\/www.schmuckstuck.eu\/es\/wp-json\/wp\/v2\/media?parent=2081"}],"wp:term":[{"taxonomy":"product_brand","embeddable":true,"href":"https:\/\/www.schmuckstuck.eu\/es\/wp-json\/wp\/v2\/product_brand?post=2081"},{"taxonomy":"product_cat","embeddable":true,"href":"https:\/\/www.schmuckstuck.eu\/es\/wp-json\/wp\/v2\/product_cat?post=2081"},{"taxonomy":"product_tag","embeddable":true,"href":"https:\/\/www.schmuckstuck.eu\/es\/wp-json\/wp\/v2\/product_tag?post=2081"}],"curies":[{"name":"wp","href":"https:\/\/api.w.org\/{rel}","templated":true}]}}