{"id":2087,"date":"2022-12-05T19:50:43","date_gmt":"2022-12-05T19:50:43","guid":{"rendered":"https:\/\/www.schmuckstuck.eu\/product\/magic-tear-makeup-sponge-color-changing\/"},"modified":"2025-11-28T10:47:24","modified_gmt":"2025-11-28T10:47:24","slug":"esponja-magica-de-maquillaje-cambia-de-color","status":"publish","type":"product","link":"https:\/\/www.schmuckstuck.eu\/es\/product\/esponja-magica-de-maquillaje-cambia-de-color\/","title":{"rendered":"Esponja M\u00e1gica de Maquillaje &#8211; Cambia de Color"},"content":{"rendered":"","protected":false},"excerpt":{"rendered":"<p>Nuestra esponja de maquillaje \u00abMagic Tear\u00bb cambia de color al contacto con el agua tibia. Para difuminar el maquillaje, utilice el lado ancho y para una aplicaci\u00f3n m\u00e1s precisa, utilice la punta. Polvo, crema o l\u00edquido, esta esponja proporciona un acabado de aer\u00f3grafo impecable con un desperdicio m\u00ednimo de producto. Vegana.<\/p>\n","protected":false},"featured_media":1877,"comment_status":"open","ping_status":"closed","template":"","meta":{"_acf_changed":false,"_monsterinsights_skip_tracking":false,"_monsterinsights_sitenote_active":false,"_monsterinsights_sitenote_note":"","_monsterinsights_sitenote_category":0},"product_brand":[],"product_cat":[292,289,246,209],"product_tag":[820,822,913],"class_list":{"0":"post-2087","1":"product","2":"type-product","3":"status-publish","4":"has-post-thumbnail","6":"product_cat-esponjas-magicas","7":"product_cat-esponjas-y-aplicadores-de-maquillaje","8":"product_cat-maquillaje","9":"product_cat-myidbeautyka-es","10":"product_tag-accessories-es","11":"product_tag-beauty-es","12":"product_tag-natural-es","14":"first","15":"instock","16":"featured","17":"shipping-taxable","18":"product-type-simple"},"acf":[],"aioseo_notices":[],"_links":{"self":[{"href":"https:\/\/www.schmuckstuck.eu\/es\/wp-json\/wp\/v2\/product\/2087","targetHints":{"allow":["GET"]}}],"collection":[{"href":"https:\/\/www.schmuckstuck.eu\/es\/wp-json\/wp\/v2\/product"}],"about":[{"href":"https:\/\/www.schmuckstuck.eu\/es\/wp-json\/wp\/v2\/types\/product"}],"replies":[{"embeddable":true,"href":"https:\/\/www.schmuckstuck.eu\/es\/wp-json\/wp\/v2\/comments?post=2087"}],"wp:featuredmedia":[{"embeddable":true,"href":"https:\/\/www.schmuckstuck.eu\/es\/wp-json\/wp\/v2\/media\/1877"}],"wp:attachment":[{"href":"https:\/\/www.schmuckstuck.eu\/es\/wp-json\/wp\/v2\/media?parent=2087"}],"wp:term":[{"taxonomy":"product_brand","embeddable":true,"href":"https:\/\/www.schmuckstuck.eu\/es\/wp-json\/wp\/v2\/product_brand?post=2087"},{"taxonomy":"product_cat","embeddable":true,"href":"https:\/\/www.schmuckstuck.eu\/es\/wp-json\/wp\/v2\/product_cat?post=2087"},{"taxonomy":"product_tag","embeddable":true,"href":"https:\/\/www.schmuckstuck.eu\/es\/wp-json\/wp\/v2\/product_tag?post=2087"}],"curies":[{"name":"wp","href":"https:\/\/api.w.org\/{rel}","templated":true}]}}