{"id":2094,"date":"2022-12-05T20:00:21","date_gmt":"2022-12-05T20:00:21","guid":{"rendered":"https:\/\/www.schmuckstuck.eu\/product\/brush-cleaner-glove\/"},"modified":"2023-07-28T09:19:00","modified_gmt":"2023-07-28T09:19:00","slug":"guante-limpiador-de-brochas","status":"publish","type":"product","link":"https:\/\/www.schmuckstuck.eu\/es\/product\/guante-limpiador-de-brochas\/","title":{"rendered":"Guante Limpiador de Brochas"},"content":{"rendered":"","protected":false},"excerpt":{"rendered":"<p>El guante limpiador de brochas hecho de silicona con un forro de microfibra extra\u00edble ayuda a limpiar tus brochas de maquillaje de forma m\u00e1s r\u00e1pida y eficiente, dej\u00e1ndolas completamente limpias. Gracias a sus 8 texturas diferentes, se pueden limpiar f\u00e1cilmente todo tipo de brochas.<\/p>\n","protected":false},"featured_media":1888,"comment_status":"open","ping_status":"closed","template":"","meta":{"_acf_changed":false,"_monsterinsights_skip_tracking":false,"_monsterinsights_sitenote_active":false,"_monsterinsights_sitenote_note":"","_monsterinsights_sitenote_category":0},"product_brand":[],"product_cat":[284,246,209],"product_tag":[820,822],"class_list":{"0":"post-2094","1":"product","2":"type-product","3":"status-publish","4":"has-post-thumbnail","6":"product_cat-limpiadores-de-brochas","7":"product_cat-maquillaje","8":"product_cat-myidbeautyka-es","9":"product_tag-accessories-es","10":"product_tag-beauty-es","12":"first","13":"instock","14":"shipping-taxable","15":"product-type-simple"},"acf":[],"aioseo_notices":[],"_links":{"self":[{"href":"https:\/\/www.schmuckstuck.eu\/es\/wp-json\/wp\/v2\/product\/2094","targetHints":{"allow":["GET"]}}],"collection":[{"href":"https:\/\/www.schmuckstuck.eu\/es\/wp-json\/wp\/v2\/product"}],"about":[{"href":"https:\/\/www.schmuckstuck.eu\/es\/wp-json\/wp\/v2\/types\/product"}],"replies":[{"embeddable":true,"href":"https:\/\/www.schmuckstuck.eu\/es\/wp-json\/wp\/v2\/comments?post=2094"}],"wp:featuredmedia":[{"embeddable":true,"href":"https:\/\/www.schmuckstuck.eu\/es\/wp-json\/wp\/v2\/media\/1888"}],"wp:attachment":[{"href":"https:\/\/www.schmuckstuck.eu\/es\/wp-json\/wp\/v2\/media?parent=2094"}],"wp:term":[{"taxonomy":"product_brand","embeddable":true,"href":"https:\/\/www.schmuckstuck.eu\/es\/wp-json\/wp\/v2\/product_brand?post=2094"},{"taxonomy":"product_cat","embeddable":true,"href":"https:\/\/www.schmuckstuck.eu\/es\/wp-json\/wp\/v2\/product_cat?post=2094"},{"taxonomy":"product_tag","embeddable":true,"href":"https:\/\/www.schmuckstuck.eu\/es\/wp-json\/wp\/v2\/product_tag?post=2094"}],"curies":[{"name":"wp","href":"https:\/\/api.w.org\/{rel}","templated":true}]}}