{"id":2098,"date":"2022-12-05T20:08:06","date_gmt":"2022-12-05T20:08:06","guid":{"rendered":"https:\/\/www.schmuckstuck.eu\/product\/brush-cleaner-beating-heart\/"},"modified":"2025-11-28T10:02:22","modified_gmt":"2025-11-28T10:02:22","slug":"limpiador-de-brochas-beating-heart","status":"publish","type":"product","link":"https:\/\/www.schmuckstuck.eu\/es\/product\/limpiador-de-brochas-beating-heart\/","title":{"rendered":"Limpiador de Brochas &#8211; \u00abBeating Heart\u00bb"},"content":{"rendered":"","protected":false},"excerpt":{"rendered":"<p>El limpiador de brochas \u00abBeating Heart\u00bb con dise\u00f1o de coraz\u00f3n ayuda a limpiar tus brochas de maquillaje de forma m\u00e1s r\u00e1pida y eficaz, dej\u00e1ndolas perfectamente limpias. Gracias a las diferentes texturas se pueden limpiar f\u00e1cilmente todo tipo de brochas. Las ventosas lo fijan en superficies lisas.<\/p>\n","protected":false},"featured_media":1897,"comment_status":"open","ping_status":"closed","template":"","meta":{"_acf_changed":false,"_monsterinsights_skip_tracking":false,"_monsterinsights_sitenote_active":false,"_monsterinsights_sitenote_note":"","_monsterinsights_sitenote_category":0},"product_brand":[],"product_cat":[284,246,209],"product_tag":[820,822],"class_list":{"0":"post-2098","1":"product","2":"type-product","3":"status-publish","4":"has-post-thumbnail","6":"product_cat-limpiadores-de-brochas","7":"product_cat-maquillaje","8":"product_cat-myidbeautyka-es","9":"product_tag-accessories-es","10":"product_tag-beauty-es","12":"first","13":"instock","14":"featured","15":"shipping-taxable","16":"product-type-simple"},"acf":[],"aioseo_notices":[],"_links":{"self":[{"href":"https:\/\/www.schmuckstuck.eu\/es\/wp-json\/wp\/v2\/product\/2098","targetHints":{"allow":["GET"]}}],"collection":[{"href":"https:\/\/www.schmuckstuck.eu\/es\/wp-json\/wp\/v2\/product"}],"about":[{"href":"https:\/\/www.schmuckstuck.eu\/es\/wp-json\/wp\/v2\/types\/product"}],"replies":[{"embeddable":true,"href":"https:\/\/www.schmuckstuck.eu\/es\/wp-json\/wp\/v2\/comments?post=2098"}],"wp:featuredmedia":[{"embeddable":true,"href":"https:\/\/www.schmuckstuck.eu\/es\/wp-json\/wp\/v2\/media\/1897"}],"wp:attachment":[{"href":"https:\/\/www.schmuckstuck.eu\/es\/wp-json\/wp\/v2\/media?parent=2098"}],"wp:term":[{"taxonomy":"product_brand","embeddable":true,"href":"https:\/\/www.schmuckstuck.eu\/es\/wp-json\/wp\/v2\/product_brand?post=2098"},{"taxonomy":"product_cat","embeddable":true,"href":"https:\/\/www.schmuckstuck.eu\/es\/wp-json\/wp\/v2\/product_cat?post=2098"},{"taxonomy":"product_tag","embeddable":true,"href":"https:\/\/www.schmuckstuck.eu\/es\/wp-json\/wp\/v2\/product_tag?post=2098"}],"curies":[{"name":"wp","href":"https:\/\/api.w.org\/{rel}","templated":true}]}}