{"id":2109,"date":"2022-12-05T20:53:28","date_gmt":"2022-12-05T20:53:28","guid":{"rendered":"https:\/\/www.schmuckstuck.eu\/product\/reusable-makeup-remover-puff-3\/"},"modified":"2024-11-14T09:52:30","modified_gmt":"2024-11-14T09:52:30","slug":"desmaquillantes-reutilizables-2","status":"publish","type":"product","link":"https:\/\/www.schmuckstuck.eu\/es\/product\/desmaquillantes-reutilizables-2\/","title":{"rendered":"Desmaquillantes Reutilizables"},"content":{"rendered":"","protected":false},"excerpt":{"rendered":"<p>Las Almohadillas Desmaquillantes Reutilizables son de microfibra y tienen diferentes tama\u00f1os y texturas. Perfectas para su rutina diaria de cuidado de la piel. Eliminan los residuos de cosm\u00e9ticos y la grasa de la piel de forma r\u00e1pida y eficaz. Para todo tipo de pieles. Reutilizables y lavables. Muy suaves, delicadas y agradables.<\/p>\n<p>&nbsp;<\/p>\n<p><a href=\"https:\/\/www.schmuckstuck.eu\/wp-content\/uploads\/2022\/12\/V4MA30200-ReusableMakeup-RemoverTowel.png\"><img decoding=\"async\" class=\"alignnone size-full wp-image-5342\" src=\"https:\/\/www.schmuckstuck.eu\/wp-content\/uploads\/2022\/12\/V4MA30200-ReusableMakeup-RemoverTowel.png\" alt=\"\" width=\"596\" height=\"142\" srcset=\"https:\/\/www.schmuckstuck.eu\/wp-content\/uploads\/2022\/12\/V4MA30200-ReusableMakeup-RemoverTowel.png 596w, https:\/\/www.schmuckstuck.eu\/wp-content\/uploads\/2022\/12\/V4MA30200-ReusableMakeup-RemoverTowel-300x71.png 300w, https:\/\/www.schmuckstuck.eu\/wp-content\/uploads\/2022\/12\/V4MA30200-ReusableMakeup-RemoverTowel-260x62.png 260w, https:\/\/www.schmuckstuck.eu\/wp-content\/uploads\/2022\/12\/V4MA30200-ReusableMakeup-RemoverTowel-50x12.png 50w, https:\/\/www.schmuckstuck.eu\/wp-content\/uploads\/2022\/12\/V4MA30200-ReusableMakeup-RemoverTowel-150x36.png 150w\" sizes=\"(max-width: 596px) 100vw, 596px\" \/><\/a><\/p>\n","protected":false},"featured_media":1926,"comment_status":"open","ping_status":"closed","template":"","meta":{"_acf_changed":false,"_monsterinsights_skip_tracking":false,"_monsterinsights_sitenote_active":false,"_monsterinsights_sitenote_note":"","_monsterinsights_sitenote_category":0},"product_brand":[],"product_cat":[210,301,209],"product_tag":[],"class_list":{"0":"post-2109","1":"product","2":"type-product","3":"status-publish","4":"has-post-thumbnail","6":"product_cat-cuidado-de-la-piel","7":"product_cat-desmaquillantes","8":"product_cat-myidbeautyka-es","10":"first","11":"instock","12":"shipping-taxable","13":"product-type-simple"},"acf":[],"aioseo_notices":[],"_links":{"self":[{"href":"https:\/\/www.schmuckstuck.eu\/es\/wp-json\/wp\/v2\/product\/2109","targetHints":{"allow":["GET"]}}],"collection":[{"href":"https:\/\/www.schmuckstuck.eu\/es\/wp-json\/wp\/v2\/product"}],"about":[{"href":"https:\/\/www.schmuckstuck.eu\/es\/wp-json\/wp\/v2\/types\/product"}],"replies":[{"embeddable":true,"href":"https:\/\/www.schmuckstuck.eu\/es\/wp-json\/wp\/v2\/comments?post=2109"}],"wp:featuredmedia":[{"embeddable":true,"href":"https:\/\/www.schmuckstuck.eu\/es\/wp-json\/wp\/v2\/media\/1926"}],"wp:attachment":[{"href":"https:\/\/www.schmuckstuck.eu\/es\/wp-json\/wp\/v2\/media?parent=2109"}],"wp:term":[{"taxonomy":"product_brand","embeddable":true,"href":"https:\/\/www.schmuckstuck.eu\/es\/wp-json\/wp\/v2\/product_brand?post=2109"},{"taxonomy":"product_cat","embeddable":true,"href":"https:\/\/www.schmuckstuck.eu\/es\/wp-json\/wp\/v2\/product_cat?post=2109"},{"taxonomy":"product_tag","embeddable":true,"href":"https:\/\/www.schmuckstuck.eu\/es\/wp-json\/wp\/v2\/product_tag?post=2109"}],"curies":[{"name":"wp","href":"https:\/\/api.w.org\/{rel}","templated":true}]}}