{"id":2111,"date":"2022-12-05T20:56:40","date_gmt":"2022-12-05T20:56:40","guid":{"rendered":"https:\/\/www.schmuckstuck.eu\/product\/set-makeup-remover-towel-scrunchie\/"},"modified":"2025-11-28T09:46:00","modified_gmt":"2025-11-28T09:46:00","slug":"set-toalla-desmaquillante-y-coletero","status":"publish","type":"product","link":"https:\/\/www.schmuckstuck.eu\/es\/product\/set-toalla-desmaquillante-y-coletero\/","title":{"rendered":"Set: Toalla Desmaquillante y coletero"},"content":{"rendered":"","protected":false},"excerpt":{"rendered":"<p>El set perfecto para la rutina diaria del cuidado facial. Despu\u00e9s de recoger el pelo con el coletero, elimina f\u00e1cilmente el maquillaje con la toalla. Utilice la toalla para eliminar los residuos de cosm\u00e9ticos y la grasa de la piel de forma r\u00e1pida y eficaz. Para todo tipo de pieles. Reutilizable y lavable. Muy suave, delicada y agradable.<\/p>\n<p>&nbsp;<\/p>\n<p><a href=\"https:\/\/www.schmuckstuck.eu\/wp-content\/uploads\/2022\/12\/V4MA30100-Set-Makeup-Remover-Towel-Scrunchie-Icons.png\"><img decoding=\"async\" class=\"alignnone size-full wp-image-5340\" src=\"https:\/\/www.schmuckstuck.eu\/wp-content\/uploads\/2022\/12\/V4MA30100-Set-Makeup-Remover-Towel-Scrunchie-Icons.png\" alt=\"\" width=\"596\" height=\"142\" srcset=\"https:\/\/www.schmuckstuck.eu\/wp-content\/uploads\/2022\/12\/V4MA30100-Set-Makeup-Remover-Towel-Scrunchie-Icons.png 596w, https:\/\/www.schmuckstuck.eu\/wp-content\/uploads\/2022\/12\/V4MA30100-Set-Makeup-Remover-Towel-Scrunchie-Icons-300x71.png 300w, https:\/\/www.schmuckstuck.eu\/wp-content\/uploads\/2022\/12\/V4MA30100-Set-Makeup-Remover-Towel-Scrunchie-Icons-260x62.png 260w, https:\/\/www.schmuckstuck.eu\/wp-content\/uploads\/2022\/12\/V4MA30100-Set-Makeup-Remover-Towel-Scrunchie-Icons-50x12.png 50w, https:\/\/www.schmuckstuck.eu\/wp-content\/uploads\/2022\/12\/V4MA30100-Set-Makeup-Remover-Towel-Scrunchie-Icons-150x36.png 150w\" sizes=\"(max-width: 596px) 100vw, 596px\" \/><\/a><\/p>\n","protected":false},"featured_media":1928,"comment_status":"open","ping_status":"closed","template":"","meta":{"_acf_changed":false,"_monsterinsights_skip_tracking":false,"_monsterinsights_sitenote_active":false,"_monsterinsights_sitenote_note":"","_monsterinsights_sitenote_category":0},"product_brand":[],"product_cat":[210,301,209],"product_tag":[813],"class_list":{"0":"post-2111","1":"product","2":"type-product","3":"status-publish","4":"has-post-thumbnail","6":"product_cat-cuidado-de-la-piel","7":"product_cat-desmaquillantes","8":"product_cat-myidbeautyka-es","9":"product_tag-hair-es","11":"first","12":"instock","13":"shipping-taxable","14":"product-type-simple"},"acf":[],"aioseo_notices":[],"_links":{"self":[{"href":"https:\/\/www.schmuckstuck.eu\/es\/wp-json\/wp\/v2\/product\/2111","targetHints":{"allow":["GET"]}}],"collection":[{"href":"https:\/\/www.schmuckstuck.eu\/es\/wp-json\/wp\/v2\/product"}],"about":[{"href":"https:\/\/www.schmuckstuck.eu\/es\/wp-json\/wp\/v2\/types\/product"}],"replies":[{"embeddable":true,"href":"https:\/\/www.schmuckstuck.eu\/es\/wp-json\/wp\/v2\/comments?post=2111"}],"wp:featuredmedia":[{"embeddable":true,"href":"https:\/\/www.schmuckstuck.eu\/es\/wp-json\/wp\/v2\/media\/1928"}],"wp:attachment":[{"href":"https:\/\/www.schmuckstuck.eu\/es\/wp-json\/wp\/v2\/media?parent=2111"}],"wp:term":[{"taxonomy":"product_brand","embeddable":true,"href":"https:\/\/www.schmuckstuck.eu\/es\/wp-json\/wp\/v2\/product_brand?post=2111"},{"taxonomy":"product_cat","embeddable":true,"href":"https:\/\/www.schmuckstuck.eu\/es\/wp-json\/wp\/v2\/product_cat?post=2111"},{"taxonomy":"product_tag","embeddable":true,"href":"https:\/\/www.schmuckstuck.eu\/es\/wp-json\/wp\/v2\/product_tag?post=2111"}],"curies":[{"name":"wp","href":"https:\/\/api.w.org\/{rel}","templated":true}]}}