{"id":2127,"date":"2022-12-06T07:41:28","date_gmt":"2022-12-06T07:41:28","guid":{"rendered":"https:\/\/www.schmuckstuck.eu\/product\/set-rose-quartz-roller-gua-sha\/"},"modified":"2023-08-10T10:07:34","modified_gmt":"2023-08-10T10:07:34","slug":"set-rodillo-gua-sha-de-cuarzo-rosa","status":"publish","type":"product","link":"https:\/\/www.schmuckstuck.eu\/es\/product\/set-rodillo-gua-sha-de-cuarzo-rosa\/","title":{"rendered":"Set: Rodillo &#038; Gua Sha de Cuarzo Rosa"},"content":{"rendered":"","protected":false},"excerpt":{"rendered":"<p>El Rodillo de Cuarzo rosa y el Gua Sha son hermosas herramientas de piedras preciosas que se utilizan para masajear la tensi\u00f3n y aliviar el estr\u00e9s de la zona facial. Ayudan a reducir las l\u00edneas de expresi\u00f3n, aumentan la circulaci\u00f3n sangu\u00ednea y el drenaje linf\u00e1tico para conseguir una piel m\u00e1s sana y radiante.<\/p>\n","protected":false},"featured_media":1963,"comment_status":"open","ping_status":"closed","template":"","meta":{"_acf_changed":false,"_monsterinsights_skip_tracking":false,"_monsterinsights_sitenote_active":false,"_monsterinsights_sitenote_note":"","_monsterinsights_sitenote_category":0},"product_brand":[],"product_cat":[210,300,209],"product_tag":[822,788,913],"class_list":{"0":"post-2127","1":"product","2":"type-product","3":"status-publish","4":"has-post-thumbnail","6":"product_cat-cuidado-de-la-piel","7":"product_cat-masajeadores-faciales","8":"product_cat-myidbeautyka-es","9":"product_tag-beauty-es","10":"product_tag-facial-es","11":"product_tag-natural-es","13":"first","14":"instock","15":"shipping-taxable","16":"product-type-simple"},"acf":[],"aioseo_notices":[],"_links":{"self":[{"href":"https:\/\/www.schmuckstuck.eu\/es\/wp-json\/wp\/v2\/product\/2127","targetHints":{"allow":["GET"]}}],"collection":[{"href":"https:\/\/www.schmuckstuck.eu\/es\/wp-json\/wp\/v2\/product"}],"about":[{"href":"https:\/\/www.schmuckstuck.eu\/es\/wp-json\/wp\/v2\/types\/product"}],"replies":[{"embeddable":true,"href":"https:\/\/www.schmuckstuck.eu\/es\/wp-json\/wp\/v2\/comments?post=2127"}],"wp:featuredmedia":[{"embeddable":true,"href":"https:\/\/www.schmuckstuck.eu\/es\/wp-json\/wp\/v2\/media\/1963"}],"wp:attachment":[{"href":"https:\/\/www.schmuckstuck.eu\/es\/wp-json\/wp\/v2\/media?parent=2127"}],"wp:term":[{"taxonomy":"product_brand","embeddable":true,"href":"https:\/\/www.schmuckstuck.eu\/es\/wp-json\/wp\/v2\/product_brand?post=2127"},{"taxonomy":"product_cat","embeddable":true,"href":"https:\/\/www.schmuckstuck.eu\/es\/wp-json\/wp\/v2\/product_cat?post=2127"},{"taxonomy":"product_tag","embeddable":true,"href":"https:\/\/www.schmuckstuck.eu\/es\/wp-json\/wp\/v2\/product_tag?post=2127"}],"curies":[{"name":"wp","href":"https:\/\/api.w.org\/{rel}","templated":true}]}}