{"id":2128,"date":"2022-12-06T07:58:07","date_gmt":"2022-12-06T07:58:07","guid":{"rendered":"https:\/\/www.schmuckstuck.eu\/product\/anti-aging-ice-roller\/"},"modified":"2025-11-27T10:52:42","modified_gmt":"2025-11-27T10:52:42","slug":"rodillo-de-gel-frio-antiedad","status":"publish","type":"product","link":"https:\/\/www.schmuckstuck.eu\/es\/product\/rodillo-de-gel-frio-antiedad\/","title":{"rendered":"Rodillo de Gel Fr\u00edo Antiedad"},"content":{"rendered":"","protected":false},"excerpt":{"rendered":"<p>El Rodillo es ideal para calmar la piel, prevenir las arrugas, reducir los poros, disminuir las quemaduras solares, aliviar la tensi\u00f3n y estimular la circulaci\u00f3n sangu\u00ednea. Devuelve la luminosidad a su piel dando m\u00e1s vitalidad a su rostro.<\/p>\n<p>&nbsp;<\/p>\n<p><a href=\"https:\/\/www.schmuckstuck.eu\/wp-content\/uploads\/2022\/12\/V4S310400_Anti-Aging-Ice-Roller.png\"><img decoding=\"async\" class=\"alignnone size-full wp-image-5344\" src=\"https:\/\/www.schmuckstuck.eu\/wp-content\/uploads\/2022\/12\/V4S310400_Anti-Aging-Ice-Roller.png\" alt=\"\" width=\"596\" height=\"142\" srcset=\"https:\/\/www.schmuckstuck.eu\/wp-content\/uploads\/2022\/12\/V4S310400_Anti-Aging-Ice-Roller.png 596w, https:\/\/www.schmuckstuck.eu\/wp-content\/uploads\/2022\/12\/V4S310400_Anti-Aging-Ice-Roller-300x71.png 300w, https:\/\/www.schmuckstuck.eu\/wp-content\/uploads\/2022\/12\/V4S310400_Anti-Aging-Ice-Roller-260x62.png 260w, https:\/\/www.schmuckstuck.eu\/wp-content\/uploads\/2022\/12\/V4S310400_Anti-Aging-Ice-Roller-50x12.png 50w, https:\/\/www.schmuckstuck.eu\/wp-content\/uploads\/2022\/12\/V4S310400_Anti-Aging-Ice-Roller-150x36.png 150w\" sizes=\"(max-width: 596px) 100vw, 596px\" \/><\/a><\/p>\n","protected":false},"featured_media":4830,"comment_status":"open","ping_status":"closed","template":"","meta":{"_acf_changed":false,"_monsterinsights_skip_tracking":false,"_monsterinsights_sitenote_active":false,"_monsterinsights_sitenote_note":"","_monsterinsights_sitenote_category":0},"product_brand":[],"product_cat":[210,300,209],"product_tag":[822,788,913],"class_list":{"0":"post-2128","1":"product","2":"type-product","3":"status-publish","4":"has-post-thumbnail","6":"product_cat-cuidado-de-la-piel","7":"product_cat-masajeadores-faciales","8":"product_cat-myidbeautyka-es","9":"product_tag-beauty-es","10":"product_tag-facial-es","11":"product_tag-natural-es","13":"first","14":"instock","15":"featured","16":"shipping-taxable","17":"product-type-simple"},"acf":[],"aioseo_notices":[],"_links":{"self":[{"href":"https:\/\/www.schmuckstuck.eu\/es\/wp-json\/wp\/v2\/product\/2128","targetHints":{"allow":["GET"]}}],"collection":[{"href":"https:\/\/www.schmuckstuck.eu\/es\/wp-json\/wp\/v2\/product"}],"about":[{"href":"https:\/\/www.schmuckstuck.eu\/es\/wp-json\/wp\/v2\/types\/product"}],"replies":[{"embeddable":true,"href":"https:\/\/www.schmuckstuck.eu\/es\/wp-json\/wp\/v2\/comments?post=2128"}],"wp:featuredmedia":[{"embeddable":true,"href":"https:\/\/www.schmuckstuck.eu\/es\/wp-json\/wp\/v2\/media\/4830"}],"wp:attachment":[{"href":"https:\/\/www.schmuckstuck.eu\/es\/wp-json\/wp\/v2\/media?parent=2128"}],"wp:term":[{"taxonomy":"product_brand","embeddable":true,"href":"https:\/\/www.schmuckstuck.eu\/es\/wp-json\/wp\/v2\/product_brand?post=2128"},{"taxonomy":"product_cat","embeddable":true,"href":"https:\/\/www.schmuckstuck.eu\/es\/wp-json\/wp\/v2\/product_cat?post=2128"},{"taxonomy":"product_tag","embeddable":true,"href":"https:\/\/www.schmuckstuck.eu\/es\/wp-json\/wp\/v2\/product_tag?post=2128"}],"curies":[{"name":"wp","href":"https:\/\/api.w.org\/{rel}","templated":true}]}}