{"id":2130,"date":"2022-12-06T08:07:54","date_gmt":"2022-12-06T08:07:54","guid":{"rendered":"https:\/\/www.schmuckstuck.eu\/product\/anti-celulite-massager\/"},"modified":"2024-11-07T11:20:06","modified_gmt":"2024-11-07T11:20:06","slug":"masajeador-anticelulitis","status":"publish","type":"product","link":"https:\/\/www.schmuckstuck.eu\/es\/product\/masajeador-anticelulitis\/","title":{"rendered":"Masajeador Anticelulitis"},"content":{"rendered":"","protected":false},"excerpt":{"rendered":"<p>Este Masajeador Anticelul\u00edtico ayuda a reducir la celulitis, estimular el flujo sangu\u00edneo, reactivar los m\u00fasculos cansados y tonificar la piel, recuperando su vitalidad y elasticidad. Utilizar en seco o con crema, en la ducha para espalda, manos, abdomen, caderas, muslos, gl\u00fateos y piernas.<\/p>\n","protected":false},"featured_media":2771,"comment_status":"open","ping_status":"closed","template":"","meta":{"_acf_changed":false,"_monsterinsights_skip_tracking":false,"_monsterinsights_sitenote_active":false,"_monsterinsights_sitenote_note":"","_monsterinsights_sitenote_category":0},"product_brand":[],"product_cat":[242,264,210,265,209],"product_tag":[819],"class_list":{"0":"post-2130","1":"product","2":"type-product","3":"status-publish","4":"has-post-thumbnail","6":"product_cat-bano","7":"product_cat-cuidado-corporal","8":"product_cat-cuidado-de-la-piel","9":"product_cat-masajeadores-anticeluliticos","10":"product_cat-myidbeautyka-es","11":"product_tag-care-es","13":"first","14":"instock","15":"shipping-taxable","16":"product-type-simple"},"acf":[],"aioseo_notices":[],"_links":{"self":[{"href":"https:\/\/www.schmuckstuck.eu\/es\/wp-json\/wp\/v2\/product\/2130","targetHints":{"allow":["GET"]}}],"collection":[{"href":"https:\/\/www.schmuckstuck.eu\/es\/wp-json\/wp\/v2\/product"}],"about":[{"href":"https:\/\/www.schmuckstuck.eu\/es\/wp-json\/wp\/v2\/types\/product"}],"replies":[{"embeddable":true,"href":"https:\/\/www.schmuckstuck.eu\/es\/wp-json\/wp\/v2\/comments?post=2130"}],"wp:featuredmedia":[{"embeddable":true,"href":"https:\/\/www.schmuckstuck.eu\/es\/wp-json\/wp\/v2\/media\/2771"}],"wp:attachment":[{"href":"https:\/\/www.schmuckstuck.eu\/es\/wp-json\/wp\/v2\/media?parent=2130"}],"wp:term":[{"taxonomy":"product_brand","embeddable":true,"href":"https:\/\/www.schmuckstuck.eu\/es\/wp-json\/wp\/v2\/product_brand?post=2130"},{"taxonomy":"product_cat","embeddable":true,"href":"https:\/\/www.schmuckstuck.eu\/es\/wp-json\/wp\/v2\/product_cat?post=2130"},{"taxonomy":"product_tag","embeddable":true,"href":"https:\/\/www.schmuckstuck.eu\/es\/wp-json\/wp\/v2\/product_tag?post=2130"}],"curies":[{"name":"wp","href":"https:\/\/api.w.org\/{rel}","templated":true}]}}