{"id":2137,"date":"2022-12-05T17:52:12","date_gmt":"2022-12-05T17:52:12","guid":{"rendered":"https:\/\/www.schmuckstuck.eu\/product\/spatula-exfoliator-2-in-1\/"},"modified":"2023-07-14T14:30:33","modified_gmt":"2023-07-14T14:30:33","slug":"espatula-y-exfoliante-2-en-1","status":"publish","type":"product","link":"https:\/\/www.schmuckstuck.eu\/es\/product\/espatula-y-exfoliante-2-en-1\/","title":{"rendered":"Esp\u00e1tula y Exfoliante &#8211; 2 en 1"},"content":{"rendered":"","protected":false},"excerpt":{"rendered":"<p>La Esp\u00e1tula y Exfoliante \u00ab2 en 1\u00bb tiene un mango firme y 2 cabezales suaves. Un cabezal es una esp\u00e1tula para aplicar mascarillas faciales o similares, el otro cabezal est\u00e1 equipado con peque\u00f1as cerdas de silicona para exfoliar y limpiar. Idea para su rutina de cuidado facial.<\/p>\n","protected":false},"featured_media":1803,"comment_status":"open","ping_status":"closed","template":"","meta":{"_acf_changed":false,"_monsterinsights_skip_tracking":false,"_monsterinsights_sitenote_active":false,"_monsterinsights_sitenote_note":"","_monsterinsights_sitenote_category":0},"product_brand":[],"product_cat":[210,305,209],"product_tag":[],"class_list":{"0":"post-2137","1":"product","2":"type-product","3":"status-publish","4":"has-post-thumbnail","6":"product_cat-cuidado-de-la-piel","7":"product_cat-espatulas-y-masajeadores","8":"product_cat-myidbeautyka-es","10":"first","11":"instock","12":"shipping-taxable","13":"product-type-simple"},"acf":[],"aioseo_notices":[],"_links":{"self":[{"href":"https:\/\/www.schmuckstuck.eu\/es\/wp-json\/wp\/v2\/product\/2137","targetHints":{"allow":["GET"]}}],"collection":[{"href":"https:\/\/www.schmuckstuck.eu\/es\/wp-json\/wp\/v2\/product"}],"about":[{"href":"https:\/\/www.schmuckstuck.eu\/es\/wp-json\/wp\/v2\/types\/product"}],"replies":[{"embeddable":true,"href":"https:\/\/www.schmuckstuck.eu\/es\/wp-json\/wp\/v2\/comments?post=2137"}],"wp:featuredmedia":[{"embeddable":true,"href":"https:\/\/www.schmuckstuck.eu\/es\/wp-json\/wp\/v2\/media\/1803"}],"wp:attachment":[{"href":"https:\/\/www.schmuckstuck.eu\/es\/wp-json\/wp\/v2\/media?parent=2137"}],"wp:term":[{"taxonomy":"product_brand","embeddable":true,"href":"https:\/\/www.schmuckstuck.eu\/es\/wp-json\/wp\/v2\/product_brand?post=2137"},{"taxonomy":"product_cat","embeddable":true,"href":"https:\/\/www.schmuckstuck.eu\/es\/wp-json\/wp\/v2\/product_cat?post=2137"},{"taxonomy":"product_tag","embeddable":true,"href":"https:\/\/www.schmuckstuck.eu\/es\/wp-json\/wp\/v2\/product_tag?post=2137"}],"curies":[{"name":"wp","href":"https:\/\/api.w.org\/{rel}","templated":true}]}}