{"id":2138,"date":"2022-12-06T09:20:37","date_gmt":"2022-12-06T09:20:37","guid":{"rendered":"https:\/\/www.schmuckstuck.eu\/product\/spatula-exfoliator-kitty\/"},"modified":"2023-08-10T11:15:14","modified_gmt":"2023-08-10T11:15:14","slug":"espatula-y-exfoliante-kitty","status":"publish","type":"product","link":"https:\/\/www.schmuckstuck.eu\/es\/product\/espatula-y-exfoliante-kitty\/","title":{"rendered":"Esp\u00e1tula y exfoliante  &#8211; \u00abKitty\u00bb"},"content":{"rendered":"","protected":false},"excerpt":{"rendered":"<p>La Esp\u00e1tula y Exfoliante \u00abKitty\u00bb es una herramienta multifuncional con un mango firme y 2 cabezales suaves. Un cabezal es una esp\u00e1tula para aplicar mascarillas faciales o similares, el otro cabezal con dise\u00f1o de gato est\u00e1 equipado con peque\u00f1as cerdas de silicona para exfoliar y limpiar. Ideal para su rutina de cuidado facial.<\/p>\n","protected":false},"featured_media":1989,"comment_status":"open","ping_status":"closed","template":"","meta":{"_acf_changed":false,"_monsterinsights_skip_tracking":false,"_monsterinsights_sitenote_active":false,"_monsterinsights_sitenote_note":"","_monsterinsights_sitenote_category":0},"product_brand":[],"product_cat":[210,305,209],"product_tag":[819,788,790],"class_list":{"0":"post-2138","1":"product","2":"type-product","3":"status-publish","4":"has-post-thumbnail","6":"product_cat-cuidado-de-la-piel","7":"product_cat-espatulas-y-masajeadores","8":"product_cat-myidbeautyka-es","9":"product_tag-care-es","10":"product_tag-facial-es","11":"product_tag-peeling-es","13":"first","14":"instock","15":"shipping-taxable","16":"product-type-simple"},"acf":[],"aioseo_notices":[],"_links":{"self":[{"href":"https:\/\/www.schmuckstuck.eu\/es\/wp-json\/wp\/v2\/product\/2138","targetHints":{"allow":["GET"]}}],"collection":[{"href":"https:\/\/www.schmuckstuck.eu\/es\/wp-json\/wp\/v2\/product"}],"about":[{"href":"https:\/\/www.schmuckstuck.eu\/es\/wp-json\/wp\/v2\/types\/product"}],"replies":[{"embeddable":true,"href":"https:\/\/www.schmuckstuck.eu\/es\/wp-json\/wp\/v2\/comments?post=2138"}],"wp:featuredmedia":[{"embeddable":true,"href":"https:\/\/www.schmuckstuck.eu\/es\/wp-json\/wp\/v2\/media\/1989"}],"wp:attachment":[{"href":"https:\/\/www.schmuckstuck.eu\/es\/wp-json\/wp\/v2\/media?parent=2138"}],"wp:term":[{"taxonomy":"product_brand","embeddable":true,"href":"https:\/\/www.schmuckstuck.eu\/es\/wp-json\/wp\/v2\/product_brand?post=2138"},{"taxonomy":"product_cat","embeddable":true,"href":"https:\/\/www.schmuckstuck.eu\/es\/wp-json\/wp\/v2\/product_cat?post=2138"},{"taxonomy":"product_tag","embeddable":true,"href":"https:\/\/www.schmuckstuck.eu\/es\/wp-json\/wp\/v2\/product_tag?post=2138"}],"curies":[{"name":"wp","href":"https:\/\/api.w.org\/{rel}","templated":true}]}}