{"id":2247,"date":"2022-12-16T11:29:13","date_gmt":"2022-12-16T11:29:13","guid":{"rendered":"https:\/\/www.schmuckstuck.eu\/product\/cotton-bath-sponge\/"},"modified":"2024-11-08T15:18:26","modified_gmt":"2024-11-08T15:18:26","slug":"esponja-de-bano-de-algodon","status":"publish","type":"product","link":"https:\/\/www.schmuckstuck.eu\/es\/product\/esponja-de-bano-de-algodon\/","title":{"rendered":"Esponja de Ba\u00f1o de Algod\u00f3n"},"content":{"rendered":"","protected":false},"excerpt":{"rendered":"<p>Nuestra Esponja de Ba\u00f1o de Algod\u00f3n, con una de sus caras recubierta de fibras de la planta del ramio, es ideal para eliminar la piel muerta mientras se relaja y masajea suavemente. Una herramienta perfecta para hacer nuestra rutina diaria de cuidado de la piel un poco m\u00e1s sostenible. Natural y respetuosa con el medio ambiente.<\/p>\n","protected":false},"featured_media":2154,"comment_status":"open","ping_status":"closed","template":"","meta":{"_acf_changed":false,"_monsterinsights_skip_tracking":false,"_monsterinsights_sitenote_active":false,"_monsterinsights_sitenote_note":"","_monsterinsights_sitenote_category":0},"product_brand":[],"product_cat":[248,274,209],"product_tag":[820,822,819,811],"class_list":{"0":"post-2247","1":"product","2":"type-product","3":"status-publish","4":"has-post-thumbnail","6":"product_cat-eco-es","7":"product_cat-eco-bano","8":"product_cat-myidbeautyka-es","9":"product_tag-accessories-es","10":"product_tag-beauty-es","11":"product_tag-care-es","12":"product_tag-spa-es","14":"first","15":"instock","16":"shipping-taxable","17":"product-type-simple"},"acf":[],"aioseo_notices":[],"_links":{"self":[{"href":"https:\/\/www.schmuckstuck.eu\/es\/wp-json\/wp\/v2\/product\/2247","targetHints":{"allow":["GET"]}}],"collection":[{"href":"https:\/\/www.schmuckstuck.eu\/es\/wp-json\/wp\/v2\/product"}],"about":[{"href":"https:\/\/www.schmuckstuck.eu\/es\/wp-json\/wp\/v2\/types\/product"}],"replies":[{"embeddable":true,"href":"https:\/\/www.schmuckstuck.eu\/es\/wp-json\/wp\/v2\/comments?post=2247"}],"wp:featuredmedia":[{"embeddable":true,"href":"https:\/\/www.schmuckstuck.eu\/es\/wp-json\/wp\/v2\/media\/2154"}],"wp:attachment":[{"href":"https:\/\/www.schmuckstuck.eu\/es\/wp-json\/wp\/v2\/media?parent=2247"}],"wp:term":[{"taxonomy":"product_brand","embeddable":true,"href":"https:\/\/www.schmuckstuck.eu\/es\/wp-json\/wp\/v2\/product_brand?post=2247"},{"taxonomy":"product_cat","embeddable":true,"href":"https:\/\/www.schmuckstuck.eu\/es\/wp-json\/wp\/v2\/product_cat?post=2247"},{"taxonomy":"product_tag","embeddable":true,"href":"https:\/\/www.schmuckstuck.eu\/es\/wp-json\/wp\/v2\/product_tag?post=2247"}],"curies":[{"name":"wp","href":"https:\/\/api.w.org\/{rel}","templated":true}]}}