{"id":2250,"date":"2022-12-16T11:36:01","date_gmt":"2022-12-16T11:36:01","guid":{"rendered":"https:\/\/www.schmuckstuck.eu\/product\/jute-bath-glove\/"},"modified":"2023-07-13T14:43:25","modified_gmt":"2023-07-13T14:43:25","slug":"guante-de-bano-de-yute","status":"publish","type":"product","link":"https:\/\/www.schmuckstuck.eu\/es\/product\/guante-de-bano-de-yute\/","title":{"rendered":"Guante de Ba\u00f1o de Yute"},"content":{"rendered":"","protected":false},"excerpt":{"rendered":"<p>Nuestro Guante de Ducha est\u00e1 hecho de yute, una fibra natural de la familia de las malv\u00e1ceas. Es el material ideal para exfoliar la piel sin da\u00f1arla y eliminar las pieles muertas mientras se relaja y masajea de forma delicada. Una herramienta perfecta para hacer nuestra rutina diaria de cuidado de la piel un poco m\u00e1s sostenible. Ecol\u00f3gico.<\/p>\n","protected":false},"featured_media":2161,"comment_status":"open","ping_status":"closed","template":"","meta":{"_acf_changed":false,"_monsterinsights_skip_tracking":false,"_monsterinsights_sitenote_active":false,"_monsterinsights_sitenote_note":"","_monsterinsights_sitenote_category":0},"product_brand":[],"product_cat":[248,274,209],"product_tag":[820,822,819,790,811],"class_list":{"0":"post-2250","1":"product","2":"type-product","3":"status-publish","4":"has-post-thumbnail","6":"product_cat-eco-es","7":"product_cat-eco-bano","8":"product_cat-myidbeautyka-es","9":"product_tag-accessories-es","10":"product_tag-beauty-es","11":"product_tag-care-es","12":"product_tag-peeling-es","13":"product_tag-spa-es","15":"first","16":"instock","17":"shipping-taxable","18":"product-type-simple"},"acf":[],"aioseo_notices":[],"_links":{"self":[{"href":"https:\/\/www.schmuckstuck.eu\/es\/wp-json\/wp\/v2\/product\/2250","targetHints":{"allow":["GET"]}}],"collection":[{"href":"https:\/\/www.schmuckstuck.eu\/es\/wp-json\/wp\/v2\/product"}],"about":[{"href":"https:\/\/www.schmuckstuck.eu\/es\/wp-json\/wp\/v2\/types\/product"}],"replies":[{"embeddable":true,"href":"https:\/\/www.schmuckstuck.eu\/es\/wp-json\/wp\/v2\/comments?post=2250"}],"wp:featuredmedia":[{"embeddable":true,"href":"https:\/\/www.schmuckstuck.eu\/es\/wp-json\/wp\/v2\/media\/2161"}],"wp:attachment":[{"href":"https:\/\/www.schmuckstuck.eu\/es\/wp-json\/wp\/v2\/media?parent=2250"}],"wp:term":[{"taxonomy":"product_brand","embeddable":true,"href":"https:\/\/www.schmuckstuck.eu\/es\/wp-json\/wp\/v2\/product_brand?post=2250"},{"taxonomy":"product_cat","embeddable":true,"href":"https:\/\/www.schmuckstuck.eu\/es\/wp-json\/wp\/v2\/product_cat?post=2250"},{"taxonomy":"product_tag","embeddable":true,"href":"https:\/\/www.schmuckstuck.eu\/es\/wp-json\/wp\/v2\/product_tag?post=2250"}],"curies":[{"name":"wp","href":"https:\/\/api.w.org\/{rel}","templated":true}]}}