{"id":2301,"date":"2022-12-16T11:53:07","date_gmt":"2022-12-16T11:53:07","guid":{"rendered":"https:\/\/www.schmuckstuck.eu\/product\/organic-loofah-sponge\/"},"modified":"2023-07-13T14:40:27","modified_gmt":"2023-07-13T14:40:27","slug":"esponja-de-lufa-ecologica","status":"publish","type":"product","link":"https:\/\/www.schmuckstuck.eu\/es\/product\/esponja-de-lufa-ecologica\/","title":{"rendered":"Esponja de Lufa Ecol\u00f3gica"},"content":{"rendered":"","protected":false},"excerpt":{"rendered":"<p>Nuestra Esponja de Lufa, elaborada con el fruto de la planta de lufa, es ideal para la limpieza corporal y la exfoliaci\u00f3n natural del cuerpo. Con un suave masaje estimula la circulaci\u00f3n sangu\u00ednea y reduce la celulitis. Biodegradable y ecol\u00f3gica.<\/p>\n","protected":false},"featured_media":2196,"comment_status":"open","ping_status":"closed","template":"","meta":{"_acf_changed":false,"_monsterinsights_skip_tracking":false,"_monsterinsights_sitenote_active":false,"_monsterinsights_sitenote_note":"","_monsterinsights_sitenote_category":0},"product_brand":[],"product_cat":[248,274,209],"product_tag":[822,819,913,811],"class_list":{"0":"post-2301","1":"product","2":"type-product","3":"status-publish","4":"has-post-thumbnail","6":"product_cat-eco-es","7":"product_cat-eco-bano","8":"product_cat-myidbeautyka-es","9":"product_tag-beauty-es","10":"product_tag-care-es","11":"product_tag-natural-es","12":"product_tag-spa-es","14":"first","15":"instock","16":"shipping-taxable","17":"product-type-simple"},"acf":[],"aioseo_notices":[],"_links":{"self":[{"href":"https:\/\/www.schmuckstuck.eu\/es\/wp-json\/wp\/v2\/product\/2301","targetHints":{"allow":["GET"]}}],"collection":[{"href":"https:\/\/www.schmuckstuck.eu\/es\/wp-json\/wp\/v2\/product"}],"about":[{"href":"https:\/\/www.schmuckstuck.eu\/es\/wp-json\/wp\/v2\/types\/product"}],"replies":[{"embeddable":true,"href":"https:\/\/www.schmuckstuck.eu\/es\/wp-json\/wp\/v2\/comments?post=2301"}],"wp:featuredmedia":[{"embeddable":true,"href":"https:\/\/www.schmuckstuck.eu\/es\/wp-json\/wp\/v2\/media\/2196"}],"wp:attachment":[{"href":"https:\/\/www.schmuckstuck.eu\/es\/wp-json\/wp\/v2\/media?parent=2301"}],"wp:term":[{"taxonomy":"product_brand","embeddable":true,"href":"https:\/\/www.schmuckstuck.eu\/es\/wp-json\/wp\/v2\/product_brand?post=2301"},{"taxonomy":"product_cat","embeddable":true,"href":"https:\/\/www.schmuckstuck.eu\/es\/wp-json\/wp\/v2\/product_cat?post=2301"},{"taxonomy":"product_tag","embeddable":true,"href":"https:\/\/www.schmuckstuck.eu\/es\/wp-json\/wp\/v2\/product_tag?post=2301"}],"curies":[{"name":"wp","href":"https:\/\/api.w.org\/{rel}","templated":true}]}}