{"id":2306,"date":"2022-12-16T12:11:52","date_gmt":"2022-12-16T12:11:52","guid":{"rendered":"https:\/\/www.schmuckstuck.eu\/product\/green-tea-makeup-sponge\/"},"modified":"2023-07-14T07:53:39","modified_gmt":"2023-07-14T07:53:39","slug":"esponja-de-maquillaje-con-te-verde","status":"publish","type":"product","link":"https:\/\/www.schmuckstuck.eu\/es\/product\/esponja-de-maquillaje-con-te-verde\/","title":{"rendered":"Esponja de Maquillaje con T\u00e9 Verde"},"content":{"rendered":"","protected":false},"excerpt":{"rendered":"<p>Nuestra Esponja de Maquillaje con polvo de t\u00e9 verde tiene forma de aceituna con un corte en un lado para aumentar la precisi\u00f3n en la aplicaci\u00f3n. Polvo, crema o l\u00edquido, esta esponja proporciona un acabado de aer\u00f3grafo impecable con un desperdicio m\u00ednimo de producto. Vegana y libre de crueldad.<\/p>\n","protected":false},"featured_media":2215,"comment_status":"open","ping_status":"closed","template":"","meta":{"_acf_changed":false,"_monsterinsights_skip_tracking":false,"_monsterinsights_sitenote_active":false,"_monsterinsights_sitenote_note":"","_monsterinsights_sitenote_category":0},"product_brand":[],"product_cat":[248,272,290,289,246,209],"product_tag":[820,822,913],"class_list":{"0":"post-2306","1":"product","2":"type-product","3":"status-publish","4":"has-post-thumbnail","6":"product_cat-eco-es","7":"product_cat-eco-maquillaje","8":"product_cat-esponjas-aromaticas","9":"product_cat-esponjas-y-aplicadores-de-maquillaje","10":"product_cat-maquillaje","11":"product_cat-myidbeautyka-es","12":"product_tag-accessories-es","13":"product_tag-beauty-es","14":"product_tag-natural-es","16":"first","17":"instock","18":"shipping-taxable","19":"product-type-simple"},"acf":[],"aioseo_notices":[],"_links":{"self":[{"href":"https:\/\/www.schmuckstuck.eu\/es\/wp-json\/wp\/v2\/product\/2306","targetHints":{"allow":["GET"]}}],"collection":[{"href":"https:\/\/www.schmuckstuck.eu\/es\/wp-json\/wp\/v2\/product"}],"about":[{"href":"https:\/\/www.schmuckstuck.eu\/es\/wp-json\/wp\/v2\/types\/product"}],"replies":[{"embeddable":true,"href":"https:\/\/www.schmuckstuck.eu\/es\/wp-json\/wp\/v2\/comments?post=2306"}],"wp:featuredmedia":[{"embeddable":true,"href":"https:\/\/www.schmuckstuck.eu\/es\/wp-json\/wp\/v2\/media\/2215"}],"wp:attachment":[{"href":"https:\/\/www.schmuckstuck.eu\/es\/wp-json\/wp\/v2\/media?parent=2306"}],"wp:term":[{"taxonomy":"product_brand","embeddable":true,"href":"https:\/\/www.schmuckstuck.eu\/es\/wp-json\/wp\/v2\/product_brand?post=2306"},{"taxonomy":"product_cat","embeddable":true,"href":"https:\/\/www.schmuckstuck.eu\/es\/wp-json\/wp\/v2\/product_cat?post=2306"},{"taxonomy":"product_tag","embeddable":true,"href":"https:\/\/www.schmuckstuck.eu\/es\/wp-json\/wp\/v2\/product_tag?post=2306"}],"curies":[{"name":"wp","href":"https:\/\/api.w.org\/{rel}","templated":true}]}}