{"id":2309,"date":"2022-12-16T12:19:15","date_gmt":"2022-12-16T12:19:15","guid":{"rendered":"https:\/\/www.schmuckstuck.eu\/product\/black-tea-makeup-sponge\/"},"modified":"2024-11-13T15:37:55","modified_gmt":"2024-11-13T15:37:55","slug":"esponja-de-maquillaje-con-te-negro","status":"publish","type":"product","link":"https:\/\/www.schmuckstuck.eu\/es\/product\/esponja-de-maquillaje-con-te-negro\/","title":{"rendered":"Esponja de Maquillaje con T\u00e9 Negro"},"content":{"rendered":"","protected":false},"excerpt":{"rendered":"<p>Nuestra Esponja de Maquillaje con polvo de t\u00e9 negro tiene forma de gota de agua. Para difuminar el maquillaje, utilice el lado ancho y para una aplicaci\u00f3n m\u00e1s precisa, utilice la punta. Polvo, crema o l\u00edquido, esta esponja proporciona un acabado de aer\u00f3grafo impecable con un desperdicio m\u00ednimo de producto. Vegana.<\/p>\n<p>&nbsp;<\/p>\n<p><a href=\"https:\/\/www.schmuckstuck.eu\/wp-content\/uploads\/2022\/12\/V4M100300-Black-Tea-Makeup-Sponge.png\"><img decoding=\"async\" class=\"alignnone size-full wp-image-5338\" src=\"https:\/\/www.schmuckstuck.eu\/wp-content\/uploads\/2022\/12\/V4M100300-Black-Tea-Makeup-Sponge.png\" alt=\"\" width=\"596\" height=\"142\" srcset=\"https:\/\/www.schmuckstuck.eu\/wp-content\/uploads\/2022\/12\/V4M100300-Black-Tea-Makeup-Sponge.png 596w, https:\/\/www.schmuckstuck.eu\/wp-content\/uploads\/2022\/12\/V4M100300-Black-Tea-Makeup-Sponge-300x71.png 300w, https:\/\/www.schmuckstuck.eu\/wp-content\/uploads\/2022\/12\/V4M100300-Black-Tea-Makeup-Sponge-260x62.png 260w, https:\/\/www.schmuckstuck.eu\/wp-content\/uploads\/2022\/12\/V4M100300-Black-Tea-Makeup-Sponge-50x12.png 50w, https:\/\/www.schmuckstuck.eu\/wp-content\/uploads\/2022\/12\/V4M100300-Black-Tea-Makeup-Sponge-150x36.png 150w\" sizes=\"(max-width: 596px) 100vw, 596px\" \/><\/a><\/p>\n","protected":false},"featured_media":2221,"comment_status":"open","ping_status":"closed","template":"","meta":{"_acf_changed":false,"_monsterinsights_skip_tracking":false,"_monsterinsights_sitenote_active":false,"_monsterinsights_sitenote_note":"","_monsterinsights_sitenote_category":0},"product_brand":[],"product_cat":[248,272,290,289,246,209],"product_tag":[820,822,913],"class_list":{"0":"post-2309","1":"product","2":"type-product","3":"status-publish","4":"has-post-thumbnail","6":"product_cat-eco-es","7":"product_cat-eco-maquillaje","8":"product_cat-esponjas-aromaticas","9":"product_cat-esponjas-y-aplicadores-de-maquillaje","10":"product_cat-maquillaje","11":"product_cat-myidbeautyka-es","12":"product_tag-accessories-es","13":"product_tag-beauty-es","14":"product_tag-natural-es","16":"first","17":"instock","18":"shipping-taxable","19":"product-type-simple"},"acf":[],"aioseo_notices":[],"_links":{"self":[{"href":"https:\/\/www.schmuckstuck.eu\/es\/wp-json\/wp\/v2\/product\/2309","targetHints":{"allow":["GET"]}}],"collection":[{"href":"https:\/\/www.schmuckstuck.eu\/es\/wp-json\/wp\/v2\/product"}],"about":[{"href":"https:\/\/www.schmuckstuck.eu\/es\/wp-json\/wp\/v2\/types\/product"}],"replies":[{"embeddable":true,"href":"https:\/\/www.schmuckstuck.eu\/es\/wp-json\/wp\/v2\/comments?post=2309"}],"wp:featuredmedia":[{"embeddable":true,"href":"https:\/\/www.schmuckstuck.eu\/es\/wp-json\/wp\/v2\/media\/2221"}],"wp:attachment":[{"href":"https:\/\/www.schmuckstuck.eu\/es\/wp-json\/wp\/v2\/media?parent=2309"}],"wp:term":[{"taxonomy":"product_brand","embeddable":true,"href":"https:\/\/www.schmuckstuck.eu\/es\/wp-json\/wp\/v2\/product_brand?post=2309"},{"taxonomy":"product_cat","embeddable":true,"href":"https:\/\/www.schmuckstuck.eu\/es\/wp-json\/wp\/v2\/product_cat?post=2309"},{"taxonomy":"product_tag","embeddable":true,"href":"https:\/\/www.schmuckstuck.eu\/es\/wp-json\/wp\/v2\/product_tag?post=2309"}],"curies":[{"name":"wp","href":"https:\/\/api.w.org\/{rel}","templated":true}]}}