{"id":2310,"date":"2022-12-16T12:23:13","date_gmt":"2022-12-16T12:23:13","guid":{"rendered":"https:\/\/www.schmuckstuck.eu\/product\/konjac-sponge-with-charcoal\/"},"modified":"2025-12-01T09:24:26","modified_gmt":"2025-12-01T09:24:26","slug":"esponja-de-konjac-con-carbon","status":"publish","type":"product","link":"https:\/\/www.schmuckstuck.eu\/es\/product\/esponja-de-konjac-con-carbon\/","title":{"rendered":"Esponja de Konjac con Carb\u00f3n"},"content":{"rendered":"","protected":false},"excerpt":{"rendered":"<p>La Esponja negra de Konjac para pieles con impurezas est\u00e1 hecha de ra\u00edz de konjac enriquecida con carb\u00f3n de bamb\u00fa, que combate los granos y los puntos negros. La piel puede beneficiarse de los efectos antibacterianos del carb\u00f3n vegetal. Puede regular la formaci\u00f3n de sebo en las pieles grasas y afinar los poros.<\/p>\n<p><a href=\"https:\/\/www.schmuckstuck.eu\/wp-content\/uploads\/2022\/12\/CharcoalKonjac_Icons.png\"><img decoding=\"async\" class=\"alignnone wp-image-5304 size-full\" src=\"https:\/\/www.schmuckstuck.eu\/wp-content\/uploads\/2022\/12\/CharcoalKonjac_Icons.png\" alt=\"\" width=\"596\" height=\"142\" srcset=\"https:\/\/www.schmuckstuck.eu\/wp-content\/uploads\/2022\/12\/CharcoalKonjac_Icons.png 596w, https:\/\/www.schmuckstuck.eu\/wp-content\/uploads\/2022\/12\/CharcoalKonjac_Icons-300x71.png 300w, https:\/\/www.schmuckstuck.eu\/wp-content\/uploads\/2022\/12\/CharcoalKonjac_Icons-260x62.png 260w, https:\/\/www.schmuckstuck.eu\/wp-content\/uploads\/2022\/12\/CharcoalKonjac_Icons-50x12.png 50w, https:\/\/www.schmuckstuck.eu\/wp-content\/uploads\/2022\/12\/CharcoalKonjac_Icons-150x36.png 150w\" sizes=\"(max-width: 596px) 100vw, 596px\" \/><\/a><\/p>\n","protected":false},"featured_media":2224,"comment_status":"open","ping_status":"closed","template":"","meta":{"_acf_changed":false,"_monsterinsights_skip_tracking":false,"_monsterinsights_sitenote_active":false,"_monsterinsights_sitenote_note":"","_monsterinsights_sitenote_category":0},"product_brand":[],"product_cat":[248,273,209],"product_tag":[821],"class_list":{"0":"post-2310","1":"product","2":"type-product","3":"status-publish","4":"has-post-thumbnail","6":"product_cat-eco-es","7":"product_cat-eco-cuidado-de-la-piel","8":"product_cat-myidbeautyka-es","9":"product_tag-glow-es","11":"first","12":"instock","13":"shipping-taxable","14":"product-type-simple"},"acf":[],"aioseo_notices":[],"_links":{"self":[{"href":"https:\/\/www.schmuckstuck.eu\/es\/wp-json\/wp\/v2\/product\/2310","targetHints":{"allow":["GET"]}}],"collection":[{"href":"https:\/\/www.schmuckstuck.eu\/es\/wp-json\/wp\/v2\/product"}],"about":[{"href":"https:\/\/www.schmuckstuck.eu\/es\/wp-json\/wp\/v2\/types\/product"}],"replies":[{"embeddable":true,"href":"https:\/\/www.schmuckstuck.eu\/es\/wp-json\/wp\/v2\/comments?post=2310"}],"wp:featuredmedia":[{"embeddable":true,"href":"https:\/\/www.schmuckstuck.eu\/es\/wp-json\/wp\/v2\/media\/2224"}],"wp:attachment":[{"href":"https:\/\/www.schmuckstuck.eu\/es\/wp-json\/wp\/v2\/media?parent=2310"}],"wp:term":[{"taxonomy":"product_brand","embeddable":true,"href":"https:\/\/www.schmuckstuck.eu\/es\/wp-json\/wp\/v2\/product_brand?post=2310"},{"taxonomy":"product_cat","embeddable":true,"href":"https:\/\/www.schmuckstuck.eu\/es\/wp-json\/wp\/v2\/product_cat?post=2310"},{"taxonomy":"product_tag","embeddable":true,"href":"https:\/\/www.schmuckstuck.eu\/es\/wp-json\/wp\/v2\/product_tag?post=2310"}],"curies":[{"name":"wp","href":"https:\/\/api.w.org\/{rel}","templated":true}]}}