{"id":2311,"date":"2022-12-16T12:28:34","date_gmt":"2022-12-16T12:28:34","guid":{"rendered":"https:\/\/www.schmuckstuck.eu\/product\/konjac-sponge-with-aloe-vera\/"},"modified":"2025-12-01T09:20:28","modified_gmt":"2025-12-01T09:20:28","slug":"esponja-de-konjac-con-aloe-vera","status":"publish","type":"product","link":"https:\/\/www.schmuckstuck.eu\/es\/product\/esponja-de-konjac-con-aloe-vera\/","title":{"rendered":"Esponja de Konjac con Aloe Vera"},"content":{"rendered":"","protected":false},"excerpt":{"rendered":"<p>La Esponja verde Konjac para pieles secas est\u00e1 hecha de ra\u00edz de konjac enriquecida con aloe vera. Estos ingredientes pueden ayudar a que la piel quebradiza se vuelva m\u00e1s el\u00e1stica y resistente. Pueden evitar la p\u00e9rdida de hidrataci\u00f3n y calmar la piel irritada.<\/p>\n<p><a href=\"https:\/\/www.schmuckstuck.eu\/wp-content\/uploads\/2022\/12\/AloeVeraKonjac_Icons.png\"><img decoding=\"async\" class=\"alignnone wp-image-5302 size-full\" src=\"https:\/\/www.schmuckstuck.eu\/wp-content\/uploads\/2022\/12\/AloeVeraKonjac_Icons.png\" alt=\"\" width=\"596\" height=\"142\" srcset=\"https:\/\/www.schmuckstuck.eu\/wp-content\/uploads\/2022\/12\/AloeVeraKonjac_Icons.png 596w, https:\/\/www.schmuckstuck.eu\/wp-content\/uploads\/2022\/12\/AloeVeraKonjac_Icons-300x71.png 300w, https:\/\/www.schmuckstuck.eu\/wp-content\/uploads\/2022\/12\/AloeVeraKonjac_Icons-260x62.png 260w, https:\/\/www.schmuckstuck.eu\/wp-content\/uploads\/2022\/12\/AloeVeraKonjac_Icons-50x12.png 50w, https:\/\/www.schmuckstuck.eu\/wp-content\/uploads\/2022\/12\/AloeVeraKonjac_Icons-150x36.png 150w\" sizes=\"(max-width: 596px) 100vw, 596px\" \/><\/a><\/p>\n","protected":false},"featured_media":2233,"comment_status":"open","ping_status":"closed","template":"","meta":{"_acf_changed":false,"_monsterinsights_skip_tracking":false,"_monsterinsights_sitenote_active":false,"_monsterinsights_sitenote_note":"","_monsterinsights_sitenote_category":0},"product_brand":[],"product_cat":[248,273,209],"product_tag":[822,788,821],"class_list":{"0":"post-2311","1":"product","2":"type-product","3":"status-publish","4":"has-post-thumbnail","6":"product_cat-eco-es","7":"product_cat-eco-cuidado-de-la-piel","8":"product_cat-myidbeautyka-es","9":"product_tag-beauty-es","10":"product_tag-facial-es","11":"product_tag-glow-es","13":"first","14":"instock","15":"shipping-taxable","16":"product-type-simple"},"acf":[],"aioseo_notices":[],"_links":{"self":[{"href":"https:\/\/www.schmuckstuck.eu\/es\/wp-json\/wp\/v2\/product\/2311","targetHints":{"allow":["GET"]}}],"collection":[{"href":"https:\/\/www.schmuckstuck.eu\/es\/wp-json\/wp\/v2\/product"}],"about":[{"href":"https:\/\/www.schmuckstuck.eu\/es\/wp-json\/wp\/v2\/types\/product"}],"replies":[{"embeddable":true,"href":"https:\/\/www.schmuckstuck.eu\/es\/wp-json\/wp\/v2\/comments?post=2311"}],"wp:featuredmedia":[{"embeddable":true,"href":"https:\/\/www.schmuckstuck.eu\/es\/wp-json\/wp\/v2\/media\/2233"}],"wp:attachment":[{"href":"https:\/\/www.schmuckstuck.eu\/es\/wp-json\/wp\/v2\/media?parent=2311"}],"wp:term":[{"taxonomy":"product_brand","embeddable":true,"href":"https:\/\/www.schmuckstuck.eu\/es\/wp-json\/wp\/v2\/product_brand?post=2311"},{"taxonomy":"product_cat","embeddable":true,"href":"https:\/\/www.schmuckstuck.eu\/es\/wp-json\/wp\/v2\/product_cat?post=2311"},{"taxonomy":"product_tag","embeddable":true,"href":"https:\/\/www.schmuckstuck.eu\/es\/wp-json\/wp\/v2\/product_tag?post=2311"}],"curies":[{"name":"wp","href":"https:\/\/api.w.org\/{rel}","templated":true}]}}