{"id":2313,"date":"2022-12-16T12:34:21","date_gmt":"2022-12-16T12:34:21","guid":{"rendered":"https:\/\/www.schmuckstuck.eu\/product\/konjac-sponge-with-red-clay\/"},"modified":"2024-11-20T08:35:32","modified_gmt":"2024-11-20T08:35:32","slug":"esponja-de-konjac-con-arcilla-roja","status":"publish","type":"product","link":"https:\/\/www.schmuckstuck.eu\/es\/product\/esponja-de-konjac-con-arcilla-roja\/","title":{"rendered":"Esponja de Konjac con Arcilla Roja"},"content":{"rendered":"","protected":false},"excerpt":{"rendered":"<p>La Esponja roja Konjac para pieles maduras est\u00e1 hecha de ra\u00edz de konjac enriquecida con arcilla roja. El \u00f3xido de hierro de la arcilla roja puede activar la regeneraci\u00f3n de la piel y la circulaci\u00f3n sangu\u00ednea. Los oligoelementos pueden afinar el cutis, reducir las peque\u00f1as arrugas y devolver el brillo a la piel cansada.<\/p>\n<p><a href=\"https:\/\/www.schmuckstuck.eu\/wp-content\/uploads\/2022\/12\/RedClayKonjac_Icons.png\"><img decoding=\"async\" class=\"alignnone wp-image-5306 size-full\" src=\"https:\/\/www.schmuckstuck.eu\/wp-content\/uploads\/2022\/12\/RedClayKonjac_Icons.png\" alt=\"\" width=\"596\" height=\"142\" srcset=\"https:\/\/www.schmuckstuck.eu\/wp-content\/uploads\/2022\/12\/RedClayKonjac_Icons.png 596w, https:\/\/www.schmuckstuck.eu\/wp-content\/uploads\/2022\/12\/RedClayKonjac_Icons-300x71.png 300w, https:\/\/www.schmuckstuck.eu\/wp-content\/uploads\/2022\/12\/RedClayKonjac_Icons-260x62.png 260w, https:\/\/www.schmuckstuck.eu\/wp-content\/uploads\/2022\/12\/RedClayKonjac_Icons-50x12.png 50w, https:\/\/www.schmuckstuck.eu\/wp-content\/uploads\/2022\/12\/RedClayKonjac_Icons-150x36.png 150w\" sizes=\"(max-width: 596px) 100vw, 596px\" \/><\/a><\/p>\n","protected":false},"featured_media":2240,"comment_status":"open","ping_status":"closed","template":"","meta":{"_acf_changed":false,"_monsterinsights_skip_tracking":false,"_monsterinsights_sitenote_active":false,"_monsterinsights_sitenote_note":"","_monsterinsights_sitenote_category":0},"product_brand":[],"product_cat":[248,273,209],"product_tag":[822,821],"class_list":{"0":"post-2313","1":"product","2":"type-product","3":"status-publish","4":"has-post-thumbnail","6":"product_cat-eco-es","7":"product_cat-eco-cuidado-de-la-piel","8":"product_cat-myidbeautyka-es","9":"product_tag-beauty-es","10":"product_tag-glow-es","12":"first","13":"instock","14":"shipping-taxable","15":"product-type-simple"},"acf":[],"aioseo_notices":[],"_links":{"self":[{"href":"https:\/\/www.schmuckstuck.eu\/es\/wp-json\/wp\/v2\/product\/2313","targetHints":{"allow":["GET"]}}],"collection":[{"href":"https:\/\/www.schmuckstuck.eu\/es\/wp-json\/wp\/v2\/product"}],"about":[{"href":"https:\/\/www.schmuckstuck.eu\/es\/wp-json\/wp\/v2\/types\/product"}],"replies":[{"embeddable":true,"href":"https:\/\/www.schmuckstuck.eu\/es\/wp-json\/wp\/v2\/comments?post=2313"}],"wp:featuredmedia":[{"embeddable":true,"href":"https:\/\/www.schmuckstuck.eu\/es\/wp-json\/wp\/v2\/media\/2240"}],"wp:attachment":[{"href":"https:\/\/www.schmuckstuck.eu\/es\/wp-json\/wp\/v2\/media?parent=2313"}],"wp:term":[{"taxonomy":"product_brand","embeddable":true,"href":"https:\/\/www.schmuckstuck.eu\/es\/wp-json\/wp\/v2\/product_brand?post=2313"},{"taxonomy":"product_cat","embeddable":true,"href":"https:\/\/www.schmuckstuck.eu\/es\/wp-json\/wp\/v2\/product_cat?post=2313"},{"taxonomy":"product_tag","embeddable":true,"href":"https:\/\/www.schmuckstuck.eu\/es\/wp-json\/wp\/v2\/product_tag?post=2313"}],"curies":[{"name":"wp","href":"https:\/\/api.w.org\/{rel}","templated":true}]}}