{"id":2314,"date":"2022-12-16T13:12:05","date_gmt":"2022-12-16T13:12:05","guid":{"rendered":"https:\/\/www.schmuckstuck.eu\/product\/headband-fluffy-bunny\/"},"modified":"2025-12-01T07:51:43","modified_gmt":"2025-12-01T07:51:43","slug":"diadema-para-el-pelo-fluffy-bunny","status":"publish","type":"product","link":"https:\/\/www.schmuckstuck.eu\/es\/product\/diadema-para-el-pelo-fluffy-bunny\/","title":{"rendered":"Diadema para el Pelo &#8211; \u00abFluffy Bunny\u00bb"},"content":{"rendered":"","protected":false},"excerpt":{"rendered":"<p>La Diadema \u00abFluffy Bunny\u00bb est\u00e1 hecha de terciopelo cristalino s\u00faper suave. Es la forma perfecta de mantener el pelo recogido o de a\u00f1adir un toque chic a cualquier rutina de belleza.<\/p>\n","protected":false},"featured_media":2259,"comment_status":"open","ping_status":"closed","template":"","meta":{"_acf_changed":false,"_monsterinsights_skip_tracking":false,"_monsterinsights_sitenote_active":false,"_monsterinsights_sitenote_note":"","_monsterinsights_sitenote_category":0},"product_brand":[],"product_cat":[243,280,209],"product_tag":[820,822,813,814,811],"class_list":{"0":"post-2314","1":"product","2":"type-product","3":"status-publish","4":"has-post-thumbnail","6":"product_cat-cabello","7":"product_cat-diademas","8":"product_cat-myidbeautyka-es","9":"product_tag-accessories-es","10":"product_tag-beauty-es","11":"product_tag-hair-es","12":"product_tag-headband-es","13":"product_tag-spa-es","15":"first","16":"instock","17":"shipping-taxable","18":"product-type-simple"},"acf":[],"aioseo_notices":[],"_links":{"self":[{"href":"https:\/\/www.schmuckstuck.eu\/es\/wp-json\/wp\/v2\/product\/2314","targetHints":{"allow":["GET"]}}],"collection":[{"href":"https:\/\/www.schmuckstuck.eu\/es\/wp-json\/wp\/v2\/product"}],"about":[{"href":"https:\/\/www.schmuckstuck.eu\/es\/wp-json\/wp\/v2\/types\/product"}],"replies":[{"embeddable":true,"href":"https:\/\/www.schmuckstuck.eu\/es\/wp-json\/wp\/v2\/comments?post=2314"}],"wp:featuredmedia":[{"embeddable":true,"href":"https:\/\/www.schmuckstuck.eu\/es\/wp-json\/wp\/v2\/media\/2259"}],"wp:attachment":[{"href":"https:\/\/www.schmuckstuck.eu\/es\/wp-json\/wp\/v2\/media?parent=2314"}],"wp:term":[{"taxonomy":"product_brand","embeddable":true,"href":"https:\/\/www.schmuckstuck.eu\/es\/wp-json\/wp\/v2\/product_brand?post=2314"},{"taxonomy":"product_cat","embeddable":true,"href":"https:\/\/www.schmuckstuck.eu\/es\/wp-json\/wp\/v2\/product_cat?post=2314"},{"taxonomy":"product_tag","embeddable":true,"href":"https:\/\/www.schmuckstuck.eu\/es\/wp-json\/wp\/v2\/product_tag?post=2314"}],"curies":[{"name":"wp","href":"https:\/\/api.w.org\/{rel}","templated":true}]}}