{"id":2315,"date":"2022-12-16T13:15:10","date_gmt":"2022-12-16T13:15:10","guid":{"rendered":"https:\/\/www.schmuckstuck.eu\/product\/headband-beauty-cutie\/"},"modified":"2023-07-11T14:48:04","modified_gmt":"2023-07-11T14:48:04","slug":"diadema-para-el-pelo-beauty-cutie","status":"publish","type":"product","link":"https:\/\/www.schmuckstuck.eu\/es\/product\/diadema-para-el-pelo-beauty-cutie\/","title":{"rendered":"Diadema para el Pelo &#8211; \u00abBeauty &#038; Cutie\u00bb"},"content":{"rendered":"","protected":false},"excerpt":{"rendered":"<p>La Diadema \u00abBeauty &amp; Cutie\u00bb est\u00e1 hecha de terciopelo cristalino s\u00faper suave. Es la forma perfecta de mantener el pelo recogido o de a\u00f1adir un toque chic a cualquier rutina de belleza.<\/p>\n","protected":false},"featured_media":2717,"comment_status":"open","ping_status":"closed","template":"","meta":{"_acf_changed":false,"_monsterinsights_skip_tracking":false,"_monsterinsights_sitenote_active":false,"_monsterinsights_sitenote_note":"","_monsterinsights_sitenote_category":0},"product_brand":[],"product_cat":[243,280,209],"product_tag":[],"class_list":{"0":"post-2315","1":"product","2":"type-product","3":"status-publish","4":"has-post-thumbnail","6":"product_cat-cabello","7":"product_cat-diademas","8":"product_cat-myidbeautyka-es","10":"first","11":"instock","12":"shipping-taxable","13":"product-type-simple"},"acf":[],"aioseo_notices":[],"_links":{"self":[{"href":"https:\/\/www.schmuckstuck.eu\/es\/wp-json\/wp\/v2\/product\/2315","targetHints":{"allow":["GET"]}}],"collection":[{"href":"https:\/\/www.schmuckstuck.eu\/es\/wp-json\/wp\/v2\/product"}],"about":[{"href":"https:\/\/www.schmuckstuck.eu\/es\/wp-json\/wp\/v2\/types\/product"}],"replies":[{"embeddable":true,"href":"https:\/\/www.schmuckstuck.eu\/es\/wp-json\/wp\/v2\/comments?post=2315"}],"wp:featuredmedia":[{"embeddable":true,"href":"https:\/\/www.schmuckstuck.eu\/es\/wp-json\/wp\/v2\/media\/2717"}],"wp:attachment":[{"href":"https:\/\/www.schmuckstuck.eu\/es\/wp-json\/wp\/v2\/media?parent=2315"}],"wp:term":[{"taxonomy":"product_brand","embeddable":true,"href":"https:\/\/www.schmuckstuck.eu\/es\/wp-json\/wp\/v2\/product_brand?post=2315"},{"taxonomy":"product_cat","embeddable":true,"href":"https:\/\/www.schmuckstuck.eu\/es\/wp-json\/wp\/v2\/product_cat?post=2315"},{"taxonomy":"product_tag","embeddable":true,"href":"https:\/\/www.schmuckstuck.eu\/es\/wp-json\/wp\/v2\/product_tag?post=2315"}],"curies":[{"name":"wp","href":"https:\/\/api.w.org\/{rel}","templated":true}]}}