{"id":2318,"date":"2022-12-16T13:25:58","date_gmt":"2022-12-16T13:25:58","guid":{"rendered":"https:\/\/www.schmuckstuck.eu\/product\/exfoliating-mini-body-pad\/"},"modified":"2023-07-28T11:39:47","modified_gmt":"2023-07-28T11:39:47","slug":"mini-pad-exfoliante-corporal","status":"publish","type":"product","link":"https:\/\/www.schmuckstuck.eu\/es\/product\/mini-pad-exfoliante-corporal\/","title":{"rendered":"Mini Pad Exfoliante Corporal"},"content":{"rendered":"","protected":false},"excerpt":{"rendered":"<p>La Mini Almohadilla corporal exfoliante est\u00e1 compuesta por un material poroso similar a una esponja. Es perfecta para eliminar las c\u00e9lulas muertas y las impurezas de la piel, dejando la piel m\u00e1s brillante y fresca.<\/p>\n","protected":false},"featured_media":2755,"comment_status":"open","ping_status":"closed","template":"","meta":{"_acf_changed":false,"_monsterinsights_skip_tracking":false,"_monsterinsights_sitenote_active":false,"_monsterinsights_sitenote_note":"","_monsterinsights_sitenote_category":0},"product_brand":[],"product_cat":[303,210,209],"product_tag":[],"class_list":{"0":"post-2318","1":"product","2":"type-product","3":"status-publish","4":"has-post-thumbnail","6":"product_cat-almohadillas-exfoliantes-y-guantes","7":"product_cat-cuidado-de-la-piel","8":"product_cat-myidbeautyka-es","10":"first","11":"instock","12":"shipping-taxable","13":"product-type-simple"},"acf":[],"aioseo_notices":[],"_links":{"self":[{"href":"https:\/\/www.schmuckstuck.eu\/es\/wp-json\/wp\/v2\/product\/2318","targetHints":{"allow":["GET"]}}],"collection":[{"href":"https:\/\/www.schmuckstuck.eu\/es\/wp-json\/wp\/v2\/product"}],"about":[{"href":"https:\/\/www.schmuckstuck.eu\/es\/wp-json\/wp\/v2\/types\/product"}],"replies":[{"embeddable":true,"href":"https:\/\/www.schmuckstuck.eu\/es\/wp-json\/wp\/v2\/comments?post=2318"}],"wp:featuredmedia":[{"embeddable":true,"href":"https:\/\/www.schmuckstuck.eu\/es\/wp-json\/wp\/v2\/media\/2755"}],"wp:attachment":[{"href":"https:\/\/www.schmuckstuck.eu\/es\/wp-json\/wp\/v2\/media?parent=2318"}],"wp:term":[{"taxonomy":"product_brand","embeddable":true,"href":"https:\/\/www.schmuckstuck.eu\/es\/wp-json\/wp\/v2\/product_brand?post=2318"},{"taxonomy":"product_cat","embeddable":true,"href":"https:\/\/www.schmuckstuck.eu\/es\/wp-json\/wp\/v2\/product_cat?post=2318"},{"taxonomy":"product_tag","embeddable":true,"href":"https:\/\/www.schmuckstuck.eu\/es\/wp-json\/wp\/v2\/product_tag?post=2318"}],"curies":[{"name":"wp","href":"https:\/\/api.w.org\/{rel}","templated":true}]}}