{"id":2669,"date":"2023-01-24T14:49:42","date_gmt":"2023-01-24T14:49:42","guid":{"rendered":"https:\/\/www.schmuckstuck.eu\/product\/bath-brush-weat-straw\/"},"modified":"2023-07-27T14:51:19","modified_gmt":"2023-07-27T14:51:19","slug":"cepillo-de-bano-fibras-de-trigo","status":"publish","type":"product","link":"https:\/\/www.schmuckstuck.eu\/es\/product\/cepillo-de-bano-fibras-de-trigo\/","title":{"rendered":"Cepillo de Ba\u00f1o Fibras de Trigo"},"content":{"rendered":"","protected":false},"excerpt":{"rendered":"<p>Cepillo exfoliante para pieles h\u00famedas o secas. Ayuda a eliminar la celulitis y promueve la producci\u00f3n de col\u00e1geno para una piel m\u00e1s suave y brillante. Mejora la circulaci\u00f3n y estimula los nodos linf\u00e1ticos. Para su uso en h\u00famedo, utilizar en la ba\u00f1era o en la ducha.<\/p>\n","protected":false},"featured_media":2578,"comment_status":"open","ping_status":"closed","template":"","meta":{"_acf_changed":false,"_monsterinsights_skip_tracking":false,"_monsterinsights_sitenote_active":false,"_monsterinsights_sitenote_note":"","_monsterinsights_sitenote_category":0},"product_brand":[],"product_cat":[242,253,254,209],"product_tag":[],"class_list":{"0":"post-2669","1":"product","2":"type-product","3":"status-publish","4":"has-post-thumbnail","6":"product_cat-bano","7":"product_cat-bano-ducha","8":"product_cat-cepillos-de-bano","9":"product_cat-myidbeautyka-es","11":"first","12":"instock","13":"shipping-taxable","14":"product-type-simple"},"acf":[],"aioseo_notices":[],"_links":{"self":[{"href":"https:\/\/www.schmuckstuck.eu\/es\/wp-json\/wp\/v2\/product\/2669","targetHints":{"allow":["GET"]}}],"collection":[{"href":"https:\/\/www.schmuckstuck.eu\/es\/wp-json\/wp\/v2\/product"}],"about":[{"href":"https:\/\/www.schmuckstuck.eu\/es\/wp-json\/wp\/v2\/types\/product"}],"replies":[{"embeddable":true,"href":"https:\/\/www.schmuckstuck.eu\/es\/wp-json\/wp\/v2\/comments?post=2669"}],"wp:featuredmedia":[{"embeddable":true,"href":"https:\/\/www.schmuckstuck.eu\/es\/wp-json\/wp\/v2\/media\/2578"}],"wp:attachment":[{"href":"https:\/\/www.schmuckstuck.eu\/es\/wp-json\/wp\/v2\/media?parent=2669"}],"wp:term":[{"taxonomy":"product_brand","embeddable":true,"href":"https:\/\/www.schmuckstuck.eu\/es\/wp-json\/wp\/v2\/product_brand?post=2669"},{"taxonomy":"product_cat","embeddable":true,"href":"https:\/\/www.schmuckstuck.eu\/es\/wp-json\/wp\/v2\/product_cat?post=2669"},{"taxonomy":"product_tag","embeddable":true,"href":"https:\/\/www.schmuckstuck.eu\/es\/wp-json\/wp\/v2\/product_tag?post=2669"}],"curies":[{"name":"wp","href":"https:\/\/api.w.org\/{rel}","templated":true}]}}