{"id":2684,"date":"2023-01-24T15:11:05","date_gmt":"2023-01-24T15:11:05","guid":{"rendered":"https:\/\/www.schmuckstuck.eu\/product\/double-sided-foot-file-must-have\/"},"modified":"2024-11-18T11:02:53","modified_gmt":"2024-11-18T11:02:53","slug":"lima-de-pies-de-doble-cara-must-have","status":"publish","type":"product","link":"https:\/\/www.schmuckstuck.eu\/es\/product\/lima-de-pies-de-doble-cara-must-have\/","title":{"rendered":"Lima de Pies de Doble Cara &#8211; Must-Have"},"content":{"rendered":"","protected":false},"excerpt":{"rendered":"<p>Herramienta imprescindible para la pedicura profesional o en el ba\u00f1o de casa. El lado interior hace que sea muy f\u00e1cil eliminar las callosidades de los talones, mientras que el lado m\u00e1s fino alisa suavemente las zonas ya tratadas, \u00a1incluso los dedos de los pies! Gracias a su forma ergon\u00f3mica, la lima para pies se adapta perfectamente a la mano.<\/p>\n<p>&nbsp;<\/p>\n<p><a href=\"https:\/\/www.schmuckstuck.eu\/wp-content\/uploads\/2023\/01\/V4B331401-Stainless-Steel-Pedicure-File.png\"><img decoding=\"async\" class=\"alignnone size-full wp-image-5362\" src=\"https:\/\/www.schmuckstuck.eu\/wp-content\/uploads\/2023\/01\/V4B331401-Stainless-Steel-Pedicure-File.png\" alt=\"\" width=\"596\" height=\"142\" srcset=\"https:\/\/www.schmuckstuck.eu\/wp-content\/uploads\/2023\/01\/V4B331401-Stainless-Steel-Pedicure-File.png 596w, https:\/\/www.schmuckstuck.eu\/wp-content\/uploads\/2023\/01\/V4B331401-Stainless-Steel-Pedicure-File-300x71.png 300w, https:\/\/www.schmuckstuck.eu\/wp-content\/uploads\/2023\/01\/V4B331401-Stainless-Steel-Pedicure-File-260x62.png 260w, https:\/\/www.schmuckstuck.eu\/wp-content\/uploads\/2023\/01\/V4B331401-Stainless-Steel-Pedicure-File-50x12.png 50w, https:\/\/www.schmuckstuck.eu\/wp-content\/uploads\/2023\/01\/V4B331401-Stainless-Steel-Pedicure-File-150x36.png 150w\" sizes=\"(max-width: 596px) 100vw, 596px\" \/><\/a><\/p>\n","protected":false},"featured_media":2603,"comment_status":"open","ping_status":"closed","template":"","meta":{"_acf_changed":false,"_monsterinsights_skip_tracking":false,"_monsterinsights_sitenote_active":false,"_monsterinsights_sitenote_note":"","_monsterinsights_sitenote_category":0},"product_brand":[],"product_cat":[242,253,209,258],"product_tag":[],"class_list":{"0":"post-2684","1":"product","2":"type-product","3":"status-publish","4":"has-post-thumbnail","6":"product_cat-bano","7":"product_cat-bano-ducha","8":"product_cat-myidbeautyka-es","9":"product_cat-pedicura-y-manicura","11":"first","12":"instock","13":"shipping-taxable","14":"product-type-simple"},"acf":[],"aioseo_notices":[],"_links":{"self":[{"href":"https:\/\/www.schmuckstuck.eu\/es\/wp-json\/wp\/v2\/product\/2684","targetHints":{"allow":["GET"]}}],"collection":[{"href":"https:\/\/www.schmuckstuck.eu\/es\/wp-json\/wp\/v2\/product"}],"about":[{"href":"https:\/\/www.schmuckstuck.eu\/es\/wp-json\/wp\/v2\/types\/product"}],"replies":[{"embeddable":true,"href":"https:\/\/www.schmuckstuck.eu\/es\/wp-json\/wp\/v2\/comments?post=2684"}],"wp:featuredmedia":[{"embeddable":true,"href":"https:\/\/www.schmuckstuck.eu\/es\/wp-json\/wp\/v2\/media\/2603"}],"wp:attachment":[{"href":"https:\/\/www.schmuckstuck.eu\/es\/wp-json\/wp\/v2\/media?parent=2684"}],"wp:term":[{"taxonomy":"product_brand","embeddable":true,"href":"https:\/\/www.schmuckstuck.eu\/es\/wp-json\/wp\/v2\/product_brand?post=2684"},{"taxonomy":"product_cat","embeddable":true,"href":"https:\/\/www.schmuckstuck.eu\/es\/wp-json\/wp\/v2\/product_cat?post=2684"},{"taxonomy":"product_tag","embeddable":true,"href":"https:\/\/www.schmuckstuck.eu\/es\/wp-json\/wp\/v2\/product_tag?post=2684"}],"curies":[{"name":"wp","href":"https:\/\/api.w.org\/{rel}","templated":true}]}}