{"id":2688,"date":"2023-01-24T15:15:54","date_gmt":"2023-01-24T15:15:54","guid":{"rendered":"https:\/\/www.schmuckstuck.eu\/product\/pumice-stone-with-handle-2\/"},"modified":"2023-08-10T08:28:38","modified_gmt":"2023-08-10T08:28:38","slug":"piedra-pomez-con-mango-2","status":"publish","type":"product","link":"https:\/\/www.schmuckstuck.eu\/es\/product\/piedra-pomez-con-mango-2\/","title":{"rendered":"Piedra P\u00f3mez con Mango"},"content":{"rendered":"","protected":false},"excerpt":{"rendered":"<p>Piedra P\u00f3mez con Mango. La piedra p\u00f3mez es adecuada para eliminar suavemente el exceso de callosidad de los pies. Gracias a su mango es f\u00e1cil de usar y se adapta perfectamente a la mano.<\/p>\n","protected":false},"featured_media":2613,"comment_status":"open","ping_status":"closed","template":"","meta":{"_acf_changed":false,"_monsterinsights_skip_tracking":false,"_monsterinsights_sitenote_active":false,"_monsterinsights_sitenote_note":"","_monsterinsights_sitenote_category":0},"product_brand":[],"product_cat":[242,253,209,258],"product_tag":[],"class_list":{"0":"post-2688","1":"product","2":"type-product","3":"status-publish","4":"has-post-thumbnail","6":"product_cat-bano","7":"product_cat-bano-ducha","8":"product_cat-myidbeautyka-es","9":"product_cat-pedicura-y-manicura","11":"first","12":"instock","13":"shipping-taxable","14":"product-type-simple"},"acf":[],"aioseo_notices":[],"_links":{"self":[{"href":"https:\/\/www.schmuckstuck.eu\/es\/wp-json\/wp\/v2\/product\/2688","targetHints":{"allow":["GET"]}}],"collection":[{"href":"https:\/\/www.schmuckstuck.eu\/es\/wp-json\/wp\/v2\/product"}],"about":[{"href":"https:\/\/www.schmuckstuck.eu\/es\/wp-json\/wp\/v2\/types\/product"}],"replies":[{"embeddable":true,"href":"https:\/\/www.schmuckstuck.eu\/es\/wp-json\/wp\/v2\/comments?post=2688"}],"wp:featuredmedia":[{"embeddable":true,"href":"https:\/\/www.schmuckstuck.eu\/es\/wp-json\/wp\/v2\/media\/2613"}],"wp:attachment":[{"href":"https:\/\/www.schmuckstuck.eu\/es\/wp-json\/wp\/v2\/media?parent=2688"}],"wp:term":[{"taxonomy":"product_brand","embeddable":true,"href":"https:\/\/www.schmuckstuck.eu\/es\/wp-json\/wp\/v2\/product_brand?post=2688"},{"taxonomy":"product_cat","embeddable":true,"href":"https:\/\/www.schmuckstuck.eu\/es\/wp-json\/wp\/v2\/product_cat?post=2688"},{"taxonomy":"product_tag","embeddable":true,"href":"https:\/\/www.schmuckstuck.eu\/es\/wp-json\/wp\/v2\/product_tag?post=2688"}],"curies":[{"name":"wp","href":"https:\/\/api.w.org\/{rel}","templated":true}]}}