{"id":2694,"date":"2023-01-24T15:37:27","date_gmt":"2023-01-24T15:37:27","guid":{"rendered":"https:\/\/www.schmuckstuck.eu\/product\/foot-brush-with-pumice-stone-2-in-1\/"},"modified":"2023-07-31T07:03:56","modified_gmt":"2023-07-31T07:03:56","slug":"cepillo-para-pies-con-piedra-pomez-2-en-1","status":"publish","type":"product","link":"https:\/\/www.schmuckstuck.eu\/es\/product\/cepillo-para-pies-con-piedra-pomez-2-en-1\/","title":{"rendered":"Cepillo para Pies con Piedra P\u00f3mez &#8211; 2 en 1"},"content":{"rendered":"","protected":false},"excerpt":{"rendered":"<p>Cepillo para Pies con Piedra P\u00f3mez &#8211; 2 en 1. La piedra p\u00f3mez es adecuada para eliminar suavemente el exceso de callosidad de los pies. Gracias a su forma, se adapta perfectamente a la mano. El cepillo para u\u00f1as limpia los dedos de los pies y las u\u00f1as de forma r\u00e1pida y profunda.<\/p>\n","protected":false},"featured_media":2624,"comment_status":"open","ping_status":"closed","template":"","meta":{"_acf_changed":false,"_monsterinsights_skip_tracking":false,"_monsterinsights_sitenote_active":false,"_monsterinsights_sitenote_note":"","_monsterinsights_sitenote_category":0},"product_brand":[],"product_cat":[242,253,209,258],"product_tag":[],"class_list":{"0":"post-2694","1":"product","2":"type-product","3":"status-publish","4":"has-post-thumbnail","6":"product_cat-bano","7":"product_cat-bano-ducha","8":"product_cat-myidbeautyka-es","9":"product_cat-pedicura-y-manicura","11":"first","12":"instock","13":"shipping-taxable","14":"product-type-simple"},"acf":[],"aioseo_notices":[],"_links":{"self":[{"href":"https:\/\/www.schmuckstuck.eu\/es\/wp-json\/wp\/v2\/product\/2694","targetHints":{"allow":["GET"]}}],"collection":[{"href":"https:\/\/www.schmuckstuck.eu\/es\/wp-json\/wp\/v2\/product"}],"about":[{"href":"https:\/\/www.schmuckstuck.eu\/es\/wp-json\/wp\/v2\/types\/product"}],"replies":[{"embeddable":true,"href":"https:\/\/www.schmuckstuck.eu\/es\/wp-json\/wp\/v2\/comments?post=2694"}],"wp:featuredmedia":[{"embeddable":true,"href":"https:\/\/www.schmuckstuck.eu\/es\/wp-json\/wp\/v2\/media\/2624"}],"wp:attachment":[{"href":"https:\/\/www.schmuckstuck.eu\/es\/wp-json\/wp\/v2\/media?parent=2694"}],"wp:term":[{"taxonomy":"product_brand","embeddable":true,"href":"https:\/\/www.schmuckstuck.eu\/es\/wp-json\/wp\/v2\/product_brand?post=2694"},{"taxonomy":"product_cat","embeddable":true,"href":"https:\/\/www.schmuckstuck.eu\/es\/wp-json\/wp\/v2\/product_cat?post=2694"},{"taxonomy":"product_tag","embeddable":true,"href":"https:\/\/www.schmuckstuck.eu\/es\/wp-json\/wp\/v2\/product_tag?post=2694"}],"curies":[{"name":"wp","href":"https:\/\/api.w.org\/{rel}","templated":true}]}}