{"id":2710,"date":"2023-01-24T16:08:51","date_gmt":"2023-01-24T16:08:51","guid":{"rendered":"https:\/\/www.schmuckstuck.eu\/product\/body-massage-brush\/"},"modified":"2023-07-28T06:46:33","modified_gmt":"2023-07-28T06:46:33","slug":"cepillo-de-masaje-corporal","status":"publish","type":"product","link":"https:\/\/www.schmuckstuck.eu\/es\/product\/cepillo-de-masaje-corporal\/","title":{"rendered":"Cepillo de Masaje Corporal"},"content":{"rendered":"","protected":false},"excerpt":{"rendered":"<p>Nuestro Cepillo de Masaje Corporal ayuda a conseguir una piel lisa y firme. Favorece la microcirculaci\u00f3n y la eliminaci\u00f3n de toxinas, promueve la destrucci\u00f3n de las c\u00e9lulas grasas y reduce la apariencia de la \u00abpiel de naranja\u00bb. Nuestro cepillo puede utilizarse en seco o en h\u00famedo en la ducha.<\/p>\n","protected":false},"featured_media":2647,"comment_status":"open","ping_status":"closed","template":"","meta":{"_acf_changed":false,"_monsterinsights_skip_tracking":false,"_monsterinsights_sitenote_active":false,"_monsterinsights_sitenote_note":"","_monsterinsights_sitenote_category":0},"product_brand":[],"product_cat":[266,264,209],"product_tag":[],"class_list":{"0":"post-2710","1":"product","2":"type-product","3":"status-publish","4":"has-post-thumbnail","6":"product_cat-cepillos-para-el-cuerpo-utilizar-en-seco","7":"product_cat-cuidado-corporal","8":"product_cat-myidbeautyka-es","10":"first","11":"instock","12":"shipping-taxable","13":"product-type-simple"},"acf":[],"aioseo_notices":[],"_links":{"self":[{"href":"https:\/\/www.schmuckstuck.eu\/es\/wp-json\/wp\/v2\/product\/2710","targetHints":{"allow":["GET"]}}],"collection":[{"href":"https:\/\/www.schmuckstuck.eu\/es\/wp-json\/wp\/v2\/product"}],"about":[{"href":"https:\/\/www.schmuckstuck.eu\/es\/wp-json\/wp\/v2\/types\/product"}],"replies":[{"embeddable":true,"href":"https:\/\/www.schmuckstuck.eu\/es\/wp-json\/wp\/v2\/comments?post=2710"}],"wp:featuredmedia":[{"embeddable":true,"href":"https:\/\/www.schmuckstuck.eu\/es\/wp-json\/wp\/v2\/media\/2647"}],"wp:attachment":[{"href":"https:\/\/www.schmuckstuck.eu\/es\/wp-json\/wp\/v2\/media?parent=2710"}],"wp:term":[{"taxonomy":"product_brand","embeddable":true,"href":"https:\/\/www.schmuckstuck.eu\/es\/wp-json\/wp\/v2\/product_brand?post=2710"},{"taxonomy":"product_cat","embeddable":true,"href":"https:\/\/www.schmuckstuck.eu\/es\/wp-json\/wp\/v2\/product_cat?post=2710"},{"taxonomy":"product_tag","embeddable":true,"href":"https:\/\/www.schmuckstuck.eu\/es\/wp-json\/wp\/v2\/product_tag?post=2710"}],"curies":[{"name":"wp","href":"https:\/\/api.w.org\/{rel}","templated":true}]}}