{"id":2711,"date":"2023-01-24T16:12:06","date_gmt":"2023-01-24T16:12:06","guid":{"rendered":"https:\/\/www.schmuckstuck.eu\/product\/anti-cellulite-massage-glove\/"},"modified":"2023-07-28T10:25:41","modified_gmt":"2023-07-28T10:25:41","slug":"guante-masajeador-anticelulitis","status":"publish","type":"product","link":"https:\/\/www.schmuckstuck.eu\/es\/product\/guante-masajeador-anticelulitis\/","title":{"rendered":"Guante Masajeador Anticelulitis"},"content":{"rendered":"","protected":false},"excerpt":{"rendered":"<p>Nuestro Guante Masajeador Anticelulitis ayuda a conseguir una piel lisa y firme. Favorece la microcirculaci\u00f3n y la eliminaci\u00f3n de toxinas, promueve la destrucci\u00f3n de las c\u00e9lulas grasas y reduce la apariencia de la \u00abpiel de naranja\u00bb.<\/p>\n","protected":false},"featured_media":2650,"comment_status":"open","ping_status":"closed","template":"","meta":{"_acf_changed":false,"_monsterinsights_skip_tracking":false,"_monsterinsights_sitenote_active":false,"_monsterinsights_sitenote_note":"","_monsterinsights_sitenote_category":0},"product_brand":[],"product_cat":[242,264,210,265,209,304],"product_tag":[],"class_list":{"0":"post-2711","1":"product","2":"type-product","3":"status-publish","4":"has-post-thumbnail","6":"product_cat-bano","7":"product_cat-cuidado-corporal","8":"product_cat-cuidado-de-la-piel","9":"product_cat-masajeadores-anticeluliticos","10":"product_cat-myidbeautyka-es","11":"product_cat-relajacion","13":"first","14":"instock","15":"shipping-taxable","16":"product-type-simple"},"acf":[],"aioseo_notices":[],"_links":{"self":[{"href":"https:\/\/www.schmuckstuck.eu\/es\/wp-json\/wp\/v2\/product\/2711","targetHints":{"allow":["GET"]}}],"collection":[{"href":"https:\/\/www.schmuckstuck.eu\/es\/wp-json\/wp\/v2\/product"}],"about":[{"href":"https:\/\/www.schmuckstuck.eu\/es\/wp-json\/wp\/v2\/types\/product"}],"replies":[{"embeddable":true,"href":"https:\/\/www.schmuckstuck.eu\/es\/wp-json\/wp\/v2\/comments?post=2711"}],"wp:featuredmedia":[{"embeddable":true,"href":"https:\/\/www.schmuckstuck.eu\/es\/wp-json\/wp\/v2\/media\/2650"}],"wp:attachment":[{"href":"https:\/\/www.schmuckstuck.eu\/es\/wp-json\/wp\/v2\/media?parent=2711"}],"wp:term":[{"taxonomy":"product_brand","embeddable":true,"href":"https:\/\/www.schmuckstuck.eu\/es\/wp-json\/wp\/v2\/product_brand?post=2711"},{"taxonomy":"product_cat","embeddable":true,"href":"https:\/\/www.schmuckstuck.eu\/es\/wp-json\/wp\/v2\/product_cat?post=2711"},{"taxonomy":"product_tag","embeddable":true,"href":"https:\/\/www.schmuckstuck.eu\/es\/wp-json\/wp\/v2\/product_tag?post=2711"}],"curies":[{"name":"wp","href":"https:\/\/api.w.org\/{rel}","templated":true}]}}