{"id":2998,"date":"2023-01-25T11:39:41","date_gmt":"2023-01-25T11:39:41","guid":{"rendered":"https:\/\/www.schmuckstuck.eu\/product\/pill-organiser-easy-fill\/"},"modified":"2023-01-27T07:24:38","modified_gmt":"2023-01-27T07:24:38","slug":"organizador-de-pildoras","status":"publish","type":"product","link":"https:\/\/www.schmuckstuck.eu\/es\/product\/organizador-de-pildoras\/","title":{"rendered":"Organizador de P\u00edldoras"},"content":{"rendered":"","protected":false},"excerpt":{"rendered":"<p>El organizador de p\u00edldoras \u00abEasy-Fill\u00bb en diferentes dise\u00f1os de frutas con 7 compartimentos, uno para cada d\u00eda de la semana. F\u00e1cil de llenar, f\u00e1cil de llevar. Nunca te olvidar\u00e1s de tomar tu medicaci\u00f3n.<\/p>\n","protected":false},"featured_media":2790,"comment_status":"open","ping_status":"closed","template":"","meta":{"_acf_changed":false,"_monsterinsights_skip_tracking":false,"_monsterinsights_sitenote_active":false,"_monsterinsights_sitenote_note":"","_monsterinsights_sitenote_category":0},"product_brand":[],"product_cat":[209,306],"product_tag":[608],"class_list":{"0":"post-2998","1":"product","2":"type-product","3":"status-publish","4":"has-post-thumbnail","6":"product_cat-myidbeautyka-es","7":"product_cat-viaje-es","8":"product_tag-viaje","10":"first","11":"instock","12":"shipping-taxable","13":"product-type-simple"},"acf":[],"aioseo_notices":[],"_links":{"self":[{"href":"https:\/\/www.schmuckstuck.eu\/es\/wp-json\/wp\/v2\/product\/2998","targetHints":{"allow":["GET"]}}],"collection":[{"href":"https:\/\/www.schmuckstuck.eu\/es\/wp-json\/wp\/v2\/product"}],"about":[{"href":"https:\/\/www.schmuckstuck.eu\/es\/wp-json\/wp\/v2\/types\/product"}],"replies":[{"embeddable":true,"href":"https:\/\/www.schmuckstuck.eu\/es\/wp-json\/wp\/v2\/comments?post=2998"}],"wp:featuredmedia":[{"embeddable":true,"href":"https:\/\/www.schmuckstuck.eu\/es\/wp-json\/wp\/v2\/media\/2790"}],"wp:attachment":[{"href":"https:\/\/www.schmuckstuck.eu\/es\/wp-json\/wp\/v2\/media?parent=2998"}],"wp:term":[{"taxonomy":"product_brand","embeddable":true,"href":"https:\/\/www.schmuckstuck.eu\/es\/wp-json\/wp\/v2\/product_brand?post=2998"},{"taxonomy":"product_cat","embeddable":true,"href":"https:\/\/www.schmuckstuck.eu\/es\/wp-json\/wp\/v2\/product_cat?post=2998"},{"taxonomy":"product_tag","embeddable":true,"href":"https:\/\/www.schmuckstuck.eu\/es\/wp-json\/wp\/v2\/product_tag?post=2998"}],"curies":[{"name":"wp","href":"https:\/\/api.w.org\/{rel}","templated":true}]}}