{"id":3036,"date":"2023-01-26T16:36:42","date_gmt":"2023-01-26T16:36:42","guid":{"rendered":"https:\/\/www.schmuckstuck.eu\/product\/facial-cleansing-pad-daily\/"},"modified":"2023-07-28T14:34:14","modified_gmt":"2023-07-28T14:34:14","slug":"cepillo-facial-daily","status":"publish","type":"product","link":"https:\/\/www.schmuckstuck.eu\/es\/product\/cepillo-facial-daily\/","title":{"rendered":"Cepillo Facial \u00abDaily\u00bb"},"content":{"rendered":"","protected":false},"excerpt":{"rendered":"<p>El Cepillo Facial es ideal para una limpieza facial profunda y un producto imprescindible en la rutina diaria de cuidado de la piel. Tiene cerdas s\u00faper suaves para una limpieza y exfoliaci\u00f3n profunda de los poros. Elimina suavemente la suciedad, los aceites, el maquillaje y la piel muerta.  Incluye un capuch\u00f3n para guardarlo f\u00e1cilmente.<\/p>\n","protected":false},"featured_media":2896,"comment_status":"open","ping_status":"closed","template":"","meta":{"_acf_changed":false,"_monsterinsights_skip_tracking":false,"_monsterinsights_sitenote_active":false,"_monsterinsights_sitenote_note":"","_monsterinsights_sitenote_category":0},"product_brand":[],"product_cat":[303,210,209],"product_tag":[],"class_list":{"0":"post-3036","1":"product","2":"type-product","3":"status-publish","4":"has-post-thumbnail","6":"product_cat-almohadillas-exfoliantes-y-guantes","7":"product_cat-cuidado-de-la-piel","8":"product_cat-myidbeautyka-es","10":"first","11":"instock","12":"shipping-taxable","13":"product-type-simple"},"acf":[],"aioseo_notices":[],"_links":{"self":[{"href":"https:\/\/www.schmuckstuck.eu\/es\/wp-json\/wp\/v2\/product\/3036","targetHints":{"allow":["GET"]}}],"collection":[{"href":"https:\/\/www.schmuckstuck.eu\/es\/wp-json\/wp\/v2\/product"}],"about":[{"href":"https:\/\/www.schmuckstuck.eu\/es\/wp-json\/wp\/v2\/types\/product"}],"replies":[{"embeddable":true,"href":"https:\/\/www.schmuckstuck.eu\/es\/wp-json\/wp\/v2\/comments?post=3036"}],"wp:featuredmedia":[{"embeddable":true,"href":"https:\/\/www.schmuckstuck.eu\/es\/wp-json\/wp\/v2\/media\/2896"}],"wp:attachment":[{"href":"https:\/\/www.schmuckstuck.eu\/es\/wp-json\/wp\/v2\/media?parent=3036"}],"wp:term":[{"taxonomy":"product_brand","embeddable":true,"href":"https:\/\/www.schmuckstuck.eu\/es\/wp-json\/wp\/v2\/product_brand?post=3036"},{"taxonomy":"product_cat","embeddable":true,"href":"https:\/\/www.schmuckstuck.eu\/es\/wp-json\/wp\/v2\/product_cat?post=3036"},{"taxonomy":"product_tag","embeddable":true,"href":"https:\/\/www.schmuckstuck.eu\/es\/wp-json\/wp\/v2\/product_tag?post=3036"}],"curies":[{"name":"wp","href":"https:\/\/api.w.org\/{rel}","templated":true}]}}