{"id":3043,"date":"2023-01-26T16:51:03","date_gmt":"2023-01-26T16:51:03","guid":{"rendered":"https:\/\/www.schmuckstuck.eu\/product\/foot-file-curve\/"},"modified":"2025-12-01T08:48:20","modified_gmt":"2025-12-01T08:48:20","slug":"lima-para-pies-curva","status":"publish","type":"product","link":"https:\/\/www.schmuckstuck.eu\/es\/product\/lima-para-pies-curva\/","title":{"rendered":"Lima para Pies Curvada"},"content":{"rendered":"","protected":false},"excerpt":{"rendered":"<p>Mantenga sus pies suaves como la seda con la Lima Curva para Pies. Esta lima de doble cara est\u00e1 dise\u00f1ada ergon\u00f3micamente para adaptarse a la forma del tal\u00f3n, perfecta para exfoliar la piel dura y los callos, revelando al instante unos pies suaves.<\/p>\n<p>&nbsp;<\/p>\n<p><a href=\"https:\/\/www.schmuckstuck.eu\/wp-content\/uploads\/2023\/01\/V4B331401-Stainless-Steel-Pedicure-File.png\"><img decoding=\"async\" class=\"alignnone size-full wp-image-5362\" src=\"https:\/\/www.schmuckstuck.eu\/wp-content\/uploads\/2023\/01\/V4B331401-Stainless-Steel-Pedicure-File.png\" alt=\"\" width=\"596\" height=\"142\" srcset=\"https:\/\/www.schmuckstuck.eu\/wp-content\/uploads\/2023\/01\/V4B331401-Stainless-Steel-Pedicure-File.png 596w, https:\/\/www.schmuckstuck.eu\/wp-content\/uploads\/2023\/01\/V4B331401-Stainless-Steel-Pedicure-File-300x71.png 300w, https:\/\/www.schmuckstuck.eu\/wp-content\/uploads\/2023\/01\/V4B331401-Stainless-Steel-Pedicure-File-260x62.png 260w, https:\/\/www.schmuckstuck.eu\/wp-content\/uploads\/2023\/01\/V4B331401-Stainless-Steel-Pedicure-File-50x12.png 50w, https:\/\/www.schmuckstuck.eu\/wp-content\/uploads\/2023\/01\/V4B331401-Stainless-Steel-Pedicure-File-150x36.png 150w\" sizes=\"(max-width: 596px) 100vw, 596px\" \/><\/a><\/p>\n","protected":false},"featured_media":4228,"comment_status":"open","ping_status":"closed","template":"","meta":{"_acf_changed":false,"_monsterinsights_skip_tracking":false,"_monsterinsights_sitenote_active":false,"_monsterinsights_sitenote_note":"","_monsterinsights_sitenote_category":0},"product_brand":[],"product_cat":[242,253,209,258],"product_tag":[],"class_list":{"0":"post-3043","1":"product","2":"type-product","3":"status-publish","4":"has-post-thumbnail","6":"product_cat-bano","7":"product_cat-bano-ducha","8":"product_cat-myidbeautyka-es","9":"product_cat-pedicura-y-manicura","11":"first","12":"instock","13":"shipping-taxable","14":"product-type-simple"},"acf":[],"aioseo_notices":[],"_links":{"self":[{"href":"https:\/\/www.schmuckstuck.eu\/es\/wp-json\/wp\/v2\/product\/3043","targetHints":{"allow":["GET"]}}],"collection":[{"href":"https:\/\/www.schmuckstuck.eu\/es\/wp-json\/wp\/v2\/product"}],"about":[{"href":"https:\/\/www.schmuckstuck.eu\/es\/wp-json\/wp\/v2\/types\/product"}],"replies":[{"embeddable":true,"href":"https:\/\/www.schmuckstuck.eu\/es\/wp-json\/wp\/v2\/comments?post=3043"}],"wp:featuredmedia":[{"embeddable":true,"href":"https:\/\/www.schmuckstuck.eu\/es\/wp-json\/wp\/v2\/media\/4228"}],"wp:attachment":[{"href":"https:\/\/www.schmuckstuck.eu\/es\/wp-json\/wp\/v2\/media?parent=3043"}],"wp:term":[{"taxonomy":"product_brand","embeddable":true,"href":"https:\/\/www.schmuckstuck.eu\/es\/wp-json\/wp\/v2\/product_brand?post=3043"},{"taxonomy":"product_cat","embeddable":true,"href":"https:\/\/www.schmuckstuck.eu\/es\/wp-json\/wp\/v2\/product_cat?post=3043"},{"taxonomy":"product_tag","embeddable":true,"href":"https:\/\/www.schmuckstuck.eu\/es\/wp-json\/wp\/v2\/product_tag?post=3043"}],"curies":[{"name":"wp","href":"https:\/\/api.w.org\/{rel}","templated":true}]}}