{"id":3046,"date":"2023-01-26T16:58:07","date_gmt":"2023-01-26T16:58:07","guid":{"rendered":"https:\/\/www.schmuckstuck.eu\/product\/makeup-brush-cleaner-bathtub-shape\/"},"modified":"2023-03-24T12:34:24","modified_gmt":"2023-03-24T12:34:24","slug":"limpiador-de-brochas-de-maquillaje-forma-de-banera","status":"publish","type":"product","link":"https:\/\/www.schmuckstuck.eu\/es\/product\/limpiador-de-brochas-de-maquillaje-forma-de-banera\/","title":{"rendered":"Limpiador de Brochas de Maquillaje \u00abForma de Ba\u00f1era\u00bb"},"content":{"rendered":"","protected":false},"excerpt":{"rendered":"<p>Limpiador de brochas de maquillaje en forma de be\u00f1era, puede utilizarse como estropajo o como recipiente para a\u00f1adir l\u00edquido limpiador o agua. Limpia a fondo las brochas y las esponjas de maquillaje.<\/p>\n","protected":false},"featured_media":2916,"comment_status":"open","ping_status":"closed","template":"","meta":{"_acf_changed":false,"_monsterinsights_skip_tracking":false,"_monsterinsights_sitenote_active":false,"_monsterinsights_sitenote_note":"","_monsterinsights_sitenote_category":0},"product_brand":[],"product_cat":[284,246,209],"product_tag":[],"class_list":{"0":"post-3046","1":"product","2":"type-product","3":"status-publish","4":"has-post-thumbnail","6":"product_cat-limpiadores-de-brochas","7":"product_cat-maquillaje","8":"product_cat-myidbeautyka-es","10":"first","11":"instock","12":"shipping-taxable","13":"product-type-simple"},"acf":[],"aioseo_notices":[],"_links":{"self":[{"href":"https:\/\/www.schmuckstuck.eu\/es\/wp-json\/wp\/v2\/product\/3046","targetHints":{"allow":["GET"]}}],"collection":[{"href":"https:\/\/www.schmuckstuck.eu\/es\/wp-json\/wp\/v2\/product"}],"about":[{"href":"https:\/\/www.schmuckstuck.eu\/es\/wp-json\/wp\/v2\/types\/product"}],"replies":[{"embeddable":true,"href":"https:\/\/www.schmuckstuck.eu\/es\/wp-json\/wp\/v2\/comments?post=3046"}],"wp:featuredmedia":[{"embeddable":true,"href":"https:\/\/www.schmuckstuck.eu\/es\/wp-json\/wp\/v2\/media\/2916"}],"wp:attachment":[{"href":"https:\/\/www.schmuckstuck.eu\/es\/wp-json\/wp\/v2\/media?parent=3046"}],"wp:term":[{"taxonomy":"product_brand","embeddable":true,"href":"https:\/\/www.schmuckstuck.eu\/es\/wp-json\/wp\/v2\/product_brand?post=3046"},{"taxonomy":"product_cat","embeddable":true,"href":"https:\/\/www.schmuckstuck.eu\/es\/wp-json\/wp\/v2\/product_cat?post=3046"},{"taxonomy":"product_tag","embeddable":true,"href":"https:\/\/www.schmuckstuck.eu\/es\/wp-json\/wp\/v2\/product_tag?post=3046"}],"curies":[{"name":"wp","href":"https:\/\/api.w.org\/{rel}","templated":true}]}}