{"id":3050,"date":"2023-01-26T17:03:09","date_gmt":"2023-01-26T17:03:09","guid":{"rendered":"https:\/\/www.schmuckstuck.eu\/product\/eyebrow-razor-must-have\/"},"modified":"2023-03-24T12:34:25","modified_gmt":"2023-03-24T12:34:25","slug":"perfilador-de-cejas-must-have","status":"publish","type":"product","link":"https:\/\/www.schmuckstuck.eu\/es\/product\/perfilador-de-cejas-must-have\/","title":{"rendered":"Perfilador de Cejas \u00abMust-Have\u00bb"},"content":{"rendered":"","protected":false},"excerpt":{"rendered":"<p>El Perfilador de Cejas elimina el exceso de vello, define y da forma a las cejas de manera f\u00e1cil y sencilla. Corte limpio y seguro, sin riesgo de da\u00f1ar la piel. Forma ergon\u00f3mica y ligera para un control firme. Equipado con una funda para proteger la cuchilla. F\u00e1cil de limpiar. <\/p>\n","protected":false},"featured_media":2924,"comment_status":"open","ping_status":"closed","template":"","meta":{"_acf_changed":false,"_monsterinsights_skip_tracking":false,"_monsterinsights_sitenote_active":false,"_monsterinsights_sitenote_note":"","_monsterinsights_sitenote_category":0},"product_brand":[],"product_cat":[210,209,307],"product_tag":[],"class_list":{"0":"post-3050","1":"product","2":"type-product","3":"status-publish","4":"has-post-thumbnail","6":"product_cat-cuidado-de-la-piel","7":"product_cat-myidbeautyka-es","8":"product_cat-pinzas-de-depilar-y-cejas","10":"first","11":"instock","12":"shipping-taxable","13":"product-type-simple"},"acf":[],"aioseo_notices":[],"_links":{"self":[{"href":"https:\/\/www.schmuckstuck.eu\/es\/wp-json\/wp\/v2\/product\/3050","targetHints":{"allow":["GET"]}}],"collection":[{"href":"https:\/\/www.schmuckstuck.eu\/es\/wp-json\/wp\/v2\/product"}],"about":[{"href":"https:\/\/www.schmuckstuck.eu\/es\/wp-json\/wp\/v2\/types\/product"}],"replies":[{"embeddable":true,"href":"https:\/\/www.schmuckstuck.eu\/es\/wp-json\/wp\/v2\/comments?post=3050"}],"wp:featuredmedia":[{"embeddable":true,"href":"https:\/\/www.schmuckstuck.eu\/es\/wp-json\/wp\/v2\/media\/2924"}],"wp:attachment":[{"href":"https:\/\/www.schmuckstuck.eu\/es\/wp-json\/wp\/v2\/media?parent=3050"}],"wp:term":[{"taxonomy":"product_brand","embeddable":true,"href":"https:\/\/www.schmuckstuck.eu\/es\/wp-json\/wp\/v2\/product_brand?post=3050"},{"taxonomy":"product_cat","embeddable":true,"href":"https:\/\/www.schmuckstuck.eu\/es\/wp-json\/wp\/v2\/product_cat?post=3050"},{"taxonomy":"product_tag","embeddable":true,"href":"https:\/\/www.schmuckstuck.eu\/es\/wp-json\/wp\/v2\/product_tag?post=3050"}],"curies":[{"name":"wp","href":"https:\/\/api.w.org\/{rel}","templated":true}]}}