{"id":3056,"date":"2023-01-26T17:48:06","date_gmt":"2023-01-26T17:48:06","guid":{"rendered":"https:\/\/www.schmuckstuck.eu\/product\/makeup-puff-triangle\/"},"modified":"2023-07-14T08:44:29","modified_gmt":"2023-07-14T08:44:29","slug":"esponjas-de-maquillaje-triangulo","status":"publish","type":"product","link":"https:\/\/www.schmuckstuck.eu\/es\/product\/esponjas-de-maquillaje-triangulo\/","title":{"rendered":"Esponjas de Maquillaje \u00abTri\u00e1ngulo\u00bb"},"content":{"rendered":"","protected":false},"excerpt":{"rendered":"<p>Las mini esponjas de maquillaje triangulares son especialmente adecuadas para zonas peque\u00f1as como la nariz, los ojos y la barbilla. Al ser muy manejables y flexibles son muy pr\u00e1cticas para el contouring. Pueden utilizarse para aplicar maquillaje en polvo, l\u00edquido o compacto.<\/p>\n","protected":false},"featured_media":3573,"comment_status":"open","ping_status":"closed","template":"","meta":{"_acf_changed":false,"_monsterinsights_skip_tracking":false,"_monsterinsights_sitenote_active":false,"_monsterinsights_sitenote_note":"","_monsterinsights_sitenote_category":0},"product_brand":[],"product_cat":[289,246,294,209],"product_tag":[],"class_list":{"0":"post-3056","1":"product","2":"type-product","3":"status-publish","4":"has-post-thumbnail","6":"product_cat-esponjas-y-aplicadores-de-maquillaje","7":"product_cat-maquillaje","8":"product_cat-mini-esponjas","9":"product_cat-myidbeautyka-es","11":"first","12":"instock","13":"shipping-taxable","14":"product-type-simple"},"acf":[],"aioseo_notices":[],"_links":{"self":[{"href":"https:\/\/www.schmuckstuck.eu\/es\/wp-json\/wp\/v2\/product\/3056","targetHints":{"allow":["GET"]}}],"collection":[{"href":"https:\/\/www.schmuckstuck.eu\/es\/wp-json\/wp\/v2\/product"}],"about":[{"href":"https:\/\/www.schmuckstuck.eu\/es\/wp-json\/wp\/v2\/types\/product"}],"replies":[{"embeddable":true,"href":"https:\/\/www.schmuckstuck.eu\/es\/wp-json\/wp\/v2\/comments?post=3056"}],"wp:featuredmedia":[{"embeddable":true,"href":"https:\/\/www.schmuckstuck.eu\/es\/wp-json\/wp\/v2\/media\/3573"}],"wp:attachment":[{"href":"https:\/\/www.schmuckstuck.eu\/es\/wp-json\/wp\/v2\/media?parent=3056"}],"wp:term":[{"taxonomy":"product_brand","embeddable":true,"href":"https:\/\/www.schmuckstuck.eu\/es\/wp-json\/wp\/v2\/product_brand?post=3056"},{"taxonomy":"product_cat","embeddable":true,"href":"https:\/\/www.schmuckstuck.eu\/es\/wp-json\/wp\/v2\/product_cat?post=3056"},{"taxonomy":"product_tag","embeddable":true,"href":"https:\/\/www.schmuckstuck.eu\/es\/wp-json\/wp\/v2\/product_tag?post=3056"}],"curies":[{"name":"wp","href":"https:\/\/api.w.org\/{rel}","templated":true}]}}