{"id":3063,"date":"2023-01-26T17:58:26","date_gmt":"2023-01-26T17:58:26","guid":{"rendered":"https:\/\/www.schmuckstuck.eu\/product\/makeup-puff\/"},"modified":"2023-08-04T10:52:35","modified_gmt":"2023-08-04T10:52:35","slug":"puff-de-maquillaje","status":"publish","type":"product","link":"https:\/\/www.schmuckstuck.eu\/es\/product\/puff-de-maquillaje\/","title":{"rendered":"Puff de Maquillaje"},"content":{"rendered":"","protected":false},"excerpt":{"rendered":"<p>Puff de Maquillaje, una borla s\u00faper suave para polvos. Permite aplicar los polvos de forma impecable y c\u00f3moda y tambi\u00e9n es perfecta para retocar el maquillaje. La borla puede llevarse en el bolso m\u00e1s peque\u00f1o, lo que la convierte en la compa\u00f1era perfecta para llevar a todas partes.<\/p>\n","protected":false},"featured_media":2951,"comment_status":"open","ping_status":"closed","template":"","meta":{"_acf_changed":false,"_monsterinsights_skip_tracking":false,"_monsterinsights_sitenote_active":false,"_monsterinsights_sitenote_note":"","_monsterinsights_sitenote_category":0},"product_brand":[],"product_cat":[246,209,288],"product_tag":[],"class_list":{"0":"post-3063","1":"product","2":"type-product","3":"status-publish","4":"has-post-thumbnail","6":"product_cat-maquillaje","7":"product_cat-myidbeautyka-es","8":"product_cat-puff-de-maquillaje","10":"first","11":"instock","12":"shipping-taxable","13":"product-type-simple"},"acf":[],"aioseo_notices":[],"_links":{"self":[{"href":"https:\/\/www.schmuckstuck.eu\/es\/wp-json\/wp\/v2\/product\/3063","targetHints":{"allow":["GET"]}}],"collection":[{"href":"https:\/\/www.schmuckstuck.eu\/es\/wp-json\/wp\/v2\/product"}],"about":[{"href":"https:\/\/www.schmuckstuck.eu\/es\/wp-json\/wp\/v2\/types\/product"}],"replies":[{"embeddable":true,"href":"https:\/\/www.schmuckstuck.eu\/es\/wp-json\/wp\/v2\/comments?post=3063"}],"wp:featuredmedia":[{"embeddable":true,"href":"https:\/\/www.schmuckstuck.eu\/es\/wp-json\/wp\/v2\/media\/2951"}],"wp:attachment":[{"href":"https:\/\/www.schmuckstuck.eu\/es\/wp-json\/wp\/v2\/media?parent=3063"}],"wp:term":[{"taxonomy":"product_brand","embeddable":true,"href":"https:\/\/www.schmuckstuck.eu\/es\/wp-json\/wp\/v2\/product_brand?post=3063"},{"taxonomy":"product_cat","embeddable":true,"href":"https:\/\/www.schmuckstuck.eu\/es\/wp-json\/wp\/v2\/product_cat?post=3063"},{"taxonomy":"product_tag","embeddable":true,"href":"https:\/\/www.schmuckstuck.eu\/es\/wp-json\/wp\/v2\/product_tag?post=3063"}],"curies":[{"name":"wp","href":"https:\/\/api.w.org\/{rel}","templated":true}]}}