{"id":3064,"date":"2023-01-26T18:00:15","date_gmt":"2023-01-26T18:00:15","guid":{"rendered":"https:\/\/www.schmuckstuck.eu\/product\/nail-file\/"},"modified":"2023-03-24T12:34:27","modified_gmt":"2023-03-24T12:34:27","slug":"lima-de-unas","status":"publish","type":"product","link":"https:\/\/www.schmuckstuck.eu\/es\/product\/lima-de-unas\/","title":{"rendered":"Lima de U\u00f1as"},"content":{"rendered":"","protected":false},"excerpt":{"rendered":"<p>Lima de U\u00f1as, da a sus u\u00f1as la forma deseada en un abrir y cerrar de ojos. La herramienta tambi\u00e9n es ideal para u\u00f1as muy sensibles. Es un accesorio de manicura esencial que proporciona los toques finales de forma r\u00e1pida y sencilla. <\/p>\n","protected":false},"featured_media":3113,"comment_status":"open","ping_status":"closed","template":"","meta":{"_acf_changed":false,"_monsterinsights_skip_tracking":false,"_monsterinsights_sitenote_active":false,"_monsterinsights_sitenote_note":"","_monsterinsights_sitenote_category":0},"product_brand":[],"product_cat":[242,253,209,258],"product_tag":[],"class_list":{"0":"post-3064","1":"product","2":"type-product","3":"status-publish","4":"has-post-thumbnail","6":"product_cat-bano","7":"product_cat-bano-ducha","8":"product_cat-myidbeautyka-es","9":"product_cat-pedicura-y-manicura","11":"first","12":"instock","13":"shipping-taxable","14":"product-type-simple"},"acf":[],"aioseo_notices":[],"_links":{"self":[{"href":"https:\/\/www.schmuckstuck.eu\/es\/wp-json\/wp\/v2\/product\/3064","targetHints":{"allow":["GET"]}}],"collection":[{"href":"https:\/\/www.schmuckstuck.eu\/es\/wp-json\/wp\/v2\/product"}],"about":[{"href":"https:\/\/www.schmuckstuck.eu\/es\/wp-json\/wp\/v2\/types\/product"}],"replies":[{"embeddable":true,"href":"https:\/\/www.schmuckstuck.eu\/es\/wp-json\/wp\/v2\/comments?post=3064"}],"wp:featuredmedia":[{"embeddable":true,"href":"https:\/\/www.schmuckstuck.eu\/es\/wp-json\/wp\/v2\/media\/3113"}],"wp:attachment":[{"href":"https:\/\/www.schmuckstuck.eu\/es\/wp-json\/wp\/v2\/media?parent=3064"}],"wp:term":[{"taxonomy":"product_brand","embeddable":true,"href":"https:\/\/www.schmuckstuck.eu\/es\/wp-json\/wp\/v2\/product_brand?post=3064"},{"taxonomy":"product_cat","embeddable":true,"href":"https:\/\/www.schmuckstuck.eu\/es\/wp-json\/wp\/v2\/product_cat?post=3064"},{"taxonomy":"product_tag","embeddable":true,"href":"https:\/\/www.schmuckstuck.eu\/es\/wp-json\/wp\/v2\/product_tag?post=3064"}],"curies":[{"name":"wp","href":"https:\/\/api.w.org\/{rel}","templated":true}]}}