{"id":3066,"date":"2023-01-26T18:02:56","date_gmt":"2023-01-26T18:02:56","guid":{"rendered":"https:\/\/www.schmuckstuck.eu\/product\/silicone-eyeliner\/"},"modified":"2023-07-13T08:39:04","modified_gmt":"2023-07-13T08:39:04","slug":"delineador-de-silicona","status":"publish","type":"product","link":"https:\/\/www.schmuckstuck.eu\/es\/product\/delineador-de-silicona\/","title":{"rendered":"Delineador de Silicona"},"content":{"rendered":"","protected":false},"excerpt":{"rendered":"<p>El delineador de silicona, es una herramienta multiusos y \u00abMUST-HAVE\u00bb. Puede ayudarte a trazar el eyeliner r\u00e1pidamente, y tambi\u00e9n puede utilizarse como herramienta para dibujar pesta\u00f1as o pintalabios.<\/p>\n<p><strong>Principales ventajas<\/strong><\/p>\n<p>Dise\u00f1ado ergon\u00f3micamente, se adapta perfectamente a la posici\u00f3n de ojos y labios y te ayuda a maquillarte en segundos.<\/p>\n<p>Peque\u00f1o y ligero, f\u00e1cil de guardar y transportar.<\/p>\n<p>F\u00e1cil de limpiar, el molde de eyelinser es reutilizable, puedes limpiarlo f\u00e1cilmente con agua y guardarlo para su pr\u00f3ximo uso.<\/p>\n","protected":false},"featured_media":2957,"comment_status":"open","ping_status":"closed","template":"","meta":{"_acf_changed":false,"_monsterinsights_skip_tracking":false,"_monsterinsights_sitenote_active":false,"_monsterinsights_sitenote_note":"","_monsterinsights_sitenote_category":0},"product_brand":[],"product_cat":[246,209],"product_tag":[],"class_list":{"0":"post-3066","1":"product","2":"type-product","3":"status-publish","4":"has-post-thumbnail","6":"product_cat-maquillaje","7":"product_cat-myidbeautyka-es","9":"first","10":"instock","11":"shipping-taxable","12":"product-type-simple"},"acf":[],"aioseo_notices":[],"_links":{"self":[{"href":"https:\/\/www.schmuckstuck.eu\/es\/wp-json\/wp\/v2\/product\/3066","targetHints":{"allow":["GET"]}}],"collection":[{"href":"https:\/\/www.schmuckstuck.eu\/es\/wp-json\/wp\/v2\/product"}],"about":[{"href":"https:\/\/www.schmuckstuck.eu\/es\/wp-json\/wp\/v2\/types\/product"}],"replies":[{"embeddable":true,"href":"https:\/\/www.schmuckstuck.eu\/es\/wp-json\/wp\/v2\/comments?post=3066"}],"wp:featuredmedia":[{"embeddable":true,"href":"https:\/\/www.schmuckstuck.eu\/es\/wp-json\/wp\/v2\/media\/2957"}],"wp:attachment":[{"href":"https:\/\/www.schmuckstuck.eu\/es\/wp-json\/wp\/v2\/media?parent=3066"}],"wp:term":[{"taxonomy":"product_brand","embeddable":true,"href":"https:\/\/www.schmuckstuck.eu\/es\/wp-json\/wp\/v2\/product_brand?post=3066"},{"taxonomy":"product_cat","embeddable":true,"href":"https:\/\/www.schmuckstuck.eu\/es\/wp-json\/wp\/v2\/product_cat?post=3066"},{"taxonomy":"product_tag","embeddable":true,"href":"https:\/\/www.schmuckstuck.eu\/es\/wp-json\/wp\/v2\/product_tag?post=3066"}],"curies":[{"name":"wp","href":"https:\/\/api.w.org\/{rel}","templated":true}]}}