{"id":3072,"date":"2023-01-26T19:25:48","date_gmt":"2023-01-26T19:25:48","guid":{"rendered":"https:\/\/www.schmuckstuck.eu\/product\/makeup-remover-puff\/"},"modified":"2023-08-04T11:48:04","modified_gmt":"2023-08-04T11:48:04","slug":"puff-desmaquilladores","status":"publish","type":"product","link":"https:\/\/www.schmuckstuck.eu\/es\/product\/puff-desmaquilladores\/","title":{"rendered":"Puff Desmaquilladores"},"content":{"rendered":"","protected":false},"excerpt":{"rendered":"<p>Puff Desmaquilladores. Es un producto imprescindible en su rutina diaria de cuidado de la piel. Ideal para una exfoliaci\u00f3n suave y la aplicaci\u00f3n de t\u00f3nicos. Utiliza el lado afelpado del puff con tu t\u00f3nico favorito y el otro lado para la exfoliaci\u00f3n. Ayuda a eliminar los residuos cosm\u00e9ticos y la grasa de la piel de forma r\u00e1pida y eficaz. Para todo tipo de pieles. Reutilizable y lavable. Muy suave, delicado y agradable.<\/p>\n<p><strong>Beneficios clave<\/strong><\/p>\n<p>&#8211; Soluci\u00f3n respetuosa con el medio ambiente y sostenible.<\/p>\n<p>&#8211; F\u00e1cil de usar y limpiar.<\/p>\n<p>&#8211; Suave con la cara, puede usarse cerca de los ojos.<\/p>\n<p>&#8211; Puede utilizarse con t\u00f3nico, limpiador o agua micelar para uso diario.<\/p>\n<p>&#8211; Moja la almohadilla con agua tibia y col\u00f3quela sobre la piel para humedecer el rostro y abrir los poros.<\/p>\n","protected":false},"featured_media":2971,"comment_status":"open","ping_status":"closed","template":"","meta":{"_acf_changed":false,"_monsterinsights_skip_tracking":false,"_monsterinsights_sitenote_active":false,"_monsterinsights_sitenote_note":"","_monsterinsights_sitenote_category":0},"product_brand":[],"product_cat":[210,301,209],"product_tag":[],"class_list":{"0":"post-3072","1":"product","2":"type-product","3":"status-publish","4":"has-post-thumbnail","6":"product_cat-cuidado-de-la-piel","7":"product_cat-desmaquillantes","8":"product_cat-myidbeautyka-es","10":"first","11":"instock","12":"shipping-taxable","13":"product-type-simple"},"acf":[],"aioseo_notices":[],"_links":{"self":[{"href":"https:\/\/www.schmuckstuck.eu\/es\/wp-json\/wp\/v2\/product\/3072","targetHints":{"allow":["GET"]}}],"collection":[{"href":"https:\/\/www.schmuckstuck.eu\/es\/wp-json\/wp\/v2\/product"}],"about":[{"href":"https:\/\/www.schmuckstuck.eu\/es\/wp-json\/wp\/v2\/types\/product"}],"replies":[{"embeddable":true,"href":"https:\/\/www.schmuckstuck.eu\/es\/wp-json\/wp\/v2\/comments?post=3072"}],"wp:featuredmedia":[{"embeddable":true,"href":"https:\/\/www.schmuckstuck.eu\/es\/wp-json\/wp\/v2\/media\/2971"}],"wp:attachment":[{"href":"https:\/\/www.schmuckstuck.eu\/es\/wp-json\/wp\/v2\/media?parent=3072"}],"wp:term":[{"taxonomy":"product_brand","embeddable":true,"href":"https:\/\/www.schmuckstuck.eu\/es\/wp-json\/wp\/v2\/product_brand?post=3072"},{"taxonomy":"product_cat","embeddable":true,"href":"https:\/\/www.schmuckstuck.eu\/es\/wp-json\/wp\/v2\/product_cat?post=3072"},{"taxonomy":"product_tag","embeddable":true,"href":"https:\/\/www.schmuckstuck.eu\/es\/wp-json\/wp\/v2\/product_tag?post=3072"}],"curies":[{"name":"wp","href":"https:\/\/api.w.org\/{rel}","templated":true}]}}